{"id":1115,"date":"2024-02-08T10:46:59","date_gmt":"2024-02-08T09:46:59","guid":{"rendered":"https:\/\/codep79-plongee.fr\/?page_id=1115"},"modified":"2024-02-08T11:34:28","modified_gmt":"2024-02-08T10:34:28","slug":"la-carriere-de-st-lin-biodiversite","status":"publish","type":"page","link":"http:\/\/codep79-plongee.fr\/index.php\/la-carriere-de-st-lin\/la-carriere-de-st-lin-biodiversite\/","title":{"rendered":"La carri\u00e8re de St Lin &#8211; La Biodiversit\u00e9"},"content":{"rendered":"\n<p class=\"has-text-align-center\"><img decoding=\"async\" style=\"width: 1400px;\" src=\"https:\/\/lh7-us.googleusercontent.com\/NY9Dd8f3ukQKUtUQHRKLViPAGFKBCZqPIEEGXm8mm7HKyD6tV-nWCUNSkf0GwmsUv_HEE5r-OpQz-zuAHWB-UtlOnS2u8OKNvGMDbBwDsOEAYEMB6HlKsk8aXaUSLs7GDWPy_GkT71uaHXskBgMrAjRF7w=s2048\"><\/p>\n\n\n\n<hr class=\"wp-block-separator has-alpha-channel-opacity is-style-default\"\/>\n\n\n\n<p><strong>Perche <em>Perca fluviatilis<\/em><\/strong><\/p>\n\n\n\n<p class=\"has-text-align-center\"><img decoding=\"async\" style=\"width: 1400px;\" src=\"https:\/\/lh7-us.googleusercontent.com\/-Si53lmFrPrf_HfMs6yAZJKzR_WYv4rwEsVIdRHEbuqi3FMqXu9F1OTJOJ4e_0y2_PGHdM0t_gzgcPjZhXW0iDLOvP5r2w4MeOxgApHqnjF0J-SW4W9awoH-kxQ6nlqCbgpH972GY9AGwp5NcBIjdlQTFQ=s2048\"><\/p>\n\n\n\n<p>Nombreuses dans cette r\u00e9serve d\u2019eau, elles sont tr\u00e8s faciles \u00e0 observer du bord de l\u2019eau jusqu\u2019au fond. Ce sont de redoutables pr\u00e9dateurs ; elles se nourrissent de petits poissons, d\u2019invert\u00e9br\u00e9s aquatiques et m\u00eame des insectes qui tombent dans l\u2019eau. Elles peuvent \u00eatre cannibales si la nourriture vient \u00e0 manquer. Comme les carpes, elles s\u2019engourdissent et restent pos\u00e9es sur le fond pendant la p\u00e9riode froide. Au printemps, saison de la reproduction, il n\u2019est pas rare de voir des cordons d\u2019\u0153ufs blancs attach\u00e9s \u00e0 la v\u00e9g\u00e9tation ou au substrat.<\/p>\n\n\n\n<p><strong>COROLLA Jean-Pierre, BOISNEAU Philippe, KUPFER Michel<\/strong> <em>in : <\/em><strong>DORIS<\/strong>, 19\/03\/2019 : <em>Perca fluviatilis<\/em> Linnaeus, 1758.<br><a href=\"https:\/\/doris.ffessm.fr\/ref\/specie\/330\">https:\/\/doris.ffessm.fr\/ref\/specie\/330<\/a><\/p>\n\n\n\n<hr class=\"wp-block-separator has-alpha-channel-opacity\"\/>\n\n\n\n<p><strong>Anguille <\/strong><em>Anguilla anguilla<\/em><\/p>\n\n\n\n<p class=\"has-text-align-center\"><img decoding=\"async\" style=\"width: 1400px;\" src=\"https:\/\/lh7-us.googleusercontent.com\/XeDs0KT1sGqwC02kXeLbAfMLKItiPE2pBms8ua3ATrkdx3q7gDCifxquHgRbiBvdkwI6tYCtnE2AJutpGOanpB3b73OQEkz6eaX-BkMjnGLhk7r_Oua6B1U7sKyrjMerOd2gox2istWoS01c7Y7BTutFjw=s2048\"><\/p>\n\n\n\n<p>Tr\u00e8s rare \u00e0 St Lin, ce poisson est un migrateur \u00e0 m\u0153urs nocturnes. L\u2019anguille est en effet capable de traverser les champs entre deux points d\u2019eau, car elle respire par des branchies mais \u00e9galement par sa peau. C\u2019est un pr\u00e9dateur opportuniste qui se nourrit de petits insectes, de crustac\u00e9s et de petits poissons. A l\u2019automne, elle rejoint l\u2019oc\u00e9an pour se reproduire. La surp\u00eache des civelles, le braconnage des adultes, la pollution et les am\u00e9nagements des cours d\u2019eau, ainsi que l\u2019apparition de parasites, sont responsables de sa rar\u00e9faction. C\u2019est un animal en danger critique d\u2019extinction.<\/p>\n\n\n\n<p><strong>COROLLA Jean-Pierre, ZIEMSKI Fr\u00e9d\u00e9ric, KUPFER Michel<\/strong> <em>in : <\/em><strong>DORIS<\/strong>, 27\/11\/2023 : <em>Anguilla anguilla<\/em> (Linnaeus, 1758).<br><a href=\"https:\/\/doris.ffessm.fr\/ref\/specie\/856\">https:\/\/doris.ffessm.fr\/ref\/specie\/856<\/a><\/p>\n\n\n\n<hr class=\"wp-block-separator has-alpha-channel-opacity\"\/>\n\n\n\n<p><strong>Carpe <em>Cyprinus carpio<\/em><\/strong><\/p>\n\n\n\n<p class=\"has-text-align-center\"><img decoding=\"async\" style=\"width: 1400px;\" src=\"https:\/\/lh7-us.googleusercontent.com\/A6GIrc9l-qx9lh7DU3RJTAtL2dS9ZOM6ZzmE3VqPuROogb_pANON3i05wlWgb1iDVrbb4ErsTwMWA9uv5Z8kR7gB0kb5k5WQ1mELMwqnnWQRHfA3BocywCstBRhod2w329Sgpca60NKgRmOL_PJErkzlGA=s2048\"><\/p>\n\n\n\n<p>La carri\u00e8re compte quelques individus que l\u2019on peut croiser sur le chemin dans \u00e0 peine deux m\u00e8tres d\u2019eau ou bien plus profond\u00e9ment. Pour se nourrir, les carpes fouillent le sol \u00e0 l\u2019aide de leurs barbillons situ\u00e9s autour de leur bouche et trouvent ainsi des insectes (larves), des petits crustac\u00e9s, des vers, des plantes et m\u00eame des petits poissons. Elles sont capables de s\u2019enfouir dans la vase et de vivre au ralenti pendant la p\u00e9riode froide.<\/p>\n\n\n\n<p><strong>COROLLA Jean-Pierre, DACHEUX Jean-Louis, KUPFER Michel<\/strong> <em>in : <\/em><strong>DORIS<\/strong>, 30\/07\/2023 : <em>Cyprinus carpio<\/em> Linnaeus, 1758.<br><a href=\"https:\/\/doris.ffessm.fr\/ref\/specie\/248\">https:\/\/doris.ffessm.fr\/ref\/specie\/248<\/a><\/p>\n\n\n\n<hr class=\"wp-block-separator has-alpha-channel-opacity\"\/>\n\n\n\n<p><strong>Crapaud \u00e9pineux &#8211; <\/strong><strong><em>Bufo spinosus<\/em><\/strong><\/p>\n\n\n\n<p class=\"has-text-align-center\"><img decoding=\"async\" style=\"width: 1400px;\" src=\"https:\/\/lh7-us.googleusercontent.com\/eLu8Dnd8Oz1JSx-uZJC0n5L79ErSvAqMtoOsqYfAudYv27rIWvbz7msk0KDye6ce-f3azBMTDJwqC8T4j4tsPtcm7dqLWMhKA5qS3AQZKDIGBcD-v_8dDewmiTV6ISDhjEKf3Zx4cGmQ5f8Bkx0YvxYGQg=s2048\"><\/p>\n\n\n\n<p>Le Crapaud \u00e9pineux est une esp\u00e8ce prot\u00e9g\u00e9e, dont le cycle de vie se divise en deux phases. L\u2019adulte vit une dizaine d\u2019ann\u00e9es et hiverne en g\u00e9n\u00e9ral d\u2019octobre \u00e0 f\u00e9vrier \u00e0 l\u2019abri du gel. Au printemps, il se d\u00e9place sur les sites de pontes, ce qui le rend particuli\u00e8rement vuln\u00e9rable sur les routes.<\/p>\n\n\n\n<p>La femelle pond dans l\u2019eau des milliers d\u2019\u0153ufs en longs cordons (jusqu\u2019\u00e0 5 m\u00e8tres) que le m\u00e2le va attacher \u00e0 une plante. Apr\u00e8s l\u2019\u00e9closion, les t\u00eatards vont mettre plusieurs semaines \u00e0 grandir et se m\u00e9tamorphoser compl\u00e8tement, jusqu\u2019\u00e0 \u00eatre capables de quitter le milieu aquatique pour le milieu terrestre.<\/p>\n\n\n\n<p><em>\u00a0<\/em><strong>DORIS<\/strong>, 07\/03\/2023 : <em>Bufo spinosus<\/em> (Daudin, 1803).<br><a href=\"https:\/\/doris.ffessm.fr\/ref\/specie\/5777\">https:\/\/doris.ffessm.fr\/ref\/specie\/5777<\/a><\/p>\n\n\n\n<hr class=\"wp-block-separator has-alpha-channel-opacity\"\/>\n\n\n\n<p><strong>Anodonte des \u00e9tangs &#8211; <em>Anodonta cygnea<\/em><\/strong><\/p>\n\n\n\n<p class=\"has-text-align-center\"><img decoding=\"async\" style=\"width: 1400px;\" src=\"https:\/\/lh7-us.googleusercontent.com\/3wwRP4CBltTBcTnz3MBGwVRXJEk7DxPE0k-fHukmJFIqbEz2SW6zIxJPQWDAR4mZ2Ivk2pRYH753-iF82lOFlBAIOjyA9KmAmjeM9x9CKmABAGHq8aoV2VKK8fSg_JbMq2RPjhhFEYhC_MPlPxBfP_bFhA=s2048\"><\/p>\n\n\n\n<p>L\u2019anodonte est un bivalve d\u2019eau douce qui peut mesurer 20 cm de haut et vivre plus de 15 ans. Il s\u2019alimente en filtrant les particules en suspension \u00e0 travers ses siphons et participe ainsi \u00e0 purifier jusqu\u2019\u00e0 40 litres d\u2019eau par jour. L\u2019individu, hermaphrodite, peut se d\u00e9placer au fond gr\u00e2ce \u00e0 un pied unique, mais c\u2019est surtout gr\u00e2ce \u00e0 ses larves qu\u2019il va pouvoir coloniser de nouveaux milieux. Au printemps, celles-ci vont \u00eatre expuls\u00e9es du corps de l\u2019adulte et s\u2019accrocher aux branchies des poissons pendant plusieurs mois. Lorsqu\u2019elles atteignent la taille d\u2019environ 1 cm, elles vont se d\u00e9tacher et commencer leur vie dans la vase ou les graviers.<\/p>\n\n\n\n<p><strong>KUPFER Michel, HEROLD Jean-Pierre<\/strong> <em>in : <\/em><strong>DORIS<\/strong>, 30\/07\/2021 : <em>Anodonta cygnea<\/em> (Linnaeus, 1758).<br><a href=\"https:\/\/doris.ffessm.fr\/ref\/specie\/220\">https:\/\/doris.ffessm.fr\/ref\/specie\/220<\/a><\/p>\n\n\n\n<hr class=\"wp-block-separator has-alpha-channel-opacity\"\/>\n\n\n\n<p class=\"has-text-align-center\"><strong>Limn\u00e9e conque <\/strong><strong><em>Radix auricularia<\/em><\/strong><br><img decoding=\"async\" style=\"width: 1400px;\" src=\"https:\/\/lh7-us.googleusercontent.com\/noknYGK6OCNJ07CKxpgGe5TrqJYL_xAMtiSyqewPC6OFpeQYgF3uhu3NJ35SzZ15HQFKGihl8949Of5wkXjUjkAtSi-tO-mgFdws9QVJS8NzkteE6woMKVMNRpNRpAy-wTg5SvfQIYN0CUjZGCoWhxdwtw=s2048\"><\/p>\n\n\n\n<p>Ce mollusque fr\u00e9quente les fonds riches en \u00e9l\u00e9ments nutritifs. Il dispose d\u2019une langue r\u00e2peuse chitineuse qui lui permet de manger. Il respire de l\u2019air qu\u2019il accumule dans une sorte de sac appel\u00e9 cavit\u00e9 pulmonaire. Il peut aussi respirer par la peau dans une eau bien oxyg\u00e9n\u00e9e. Il peut faire jusqu\u2019\u00e0 30 mm de hauteur.&nbsp;<\/p>\n\n\n\n<p><strong>KUPFER Michel<\/strong>, <strong>HEROLD Jean-Pierre<\/strong> <em>in : <\/em>DORIS, 08\/01\/2021 : <em>Radix auricularia<\/em> (Linnaeus, 1758).<br><a href=\"https:\/\/doris.ffessm.fr\/ref\/specie\/243\">https:\/\/doris.ffessm.fr\/ref\/specie\/243<\/a><\/p>\n\n\n\n<hr class=\"wp-block-separator has-alpha-channel-opacity\"\/>\n\n\n\n<p class=\"has-text-align-left\"><strong>Eponge d\u2019eau douce <em>Spongilla lacustris<\/em><\/strong><\/p>\n\n\n\n<p class=\"has-text-align-center\"><img decoding=\"async\" style=\"width: 1400px;\" src=\"https:\/\/lh7-us.googleusercontent.com\/2R5qyKHsPEryHD7UBIiQpLoN4N3JK79nP_l9JcxNsqvjvbluxnqx7-4jS5VVe0RaqsmS4o1yDRNVt0oBWR9cMOYi4fvLPh1fstwoeJl0sN468ZkqCPdAx7SjyCOQLXbE6fVMYOXrbgp4woj7DlS3xPfjDQ=s2048\"><\/p>\n\n\n\n<p class=\"has-text-align-center\"><img decoding=\"async\" style=\"width: 400px;\" src=\"https:\/\/lh7-us.googleusercontent.com\/MEmaaTbgGJaeWWifh7G_HD2pBRvw2PdxBi10a_FPEHf6BqN7NOlpUJAgXApiUPmMcKd5tRMEpSPATWsdELTKkxS7rISIZf0eTo2nyyjs5KMxi1Srj4swaVUZ1daxtJJ0woTjoWNA-WHwZ8vJG2qPZsoQMA=s2048\"><\/p>\n\n\n\n<p class=\"has-text-align-center\">Gemmules : De 0.15 \u00e0 1 mm de diam\u00e8tre<\/p>\n\n\n\n<p>C\u2019est une esp\u00e8ce hermaphrodite, m\u00e2le une ann\u00e9e, femelle l\u2019ann\u00e9e suivante. Elle a donc une reproduction sexu\u00e9e mais \u00e9galement une reproduction asexu\u00e9e :<\/p>\n\n\n\n<p>&#8211; par fragmentation&nbsp;&nbsp;<\/p>\n\n\n\n<p>&#8211; par cr\u00e9ation \u00e0 l\u2019automne de gemmules, rondes et jaune orang\u00e9e, que l\u2019on peut voir<\/p>\n\n\n\n<p>sur la photo. La forme \u00e9ponge encro\u00fbtante d\u00e9g\u00e9n\u00e8re alors et dispara\u00eet. Au printemps suivant, les gemmules formeront un clone de la \u00ab m\u00e8re \u00bb.&nbsp;<\/p>\n\n\n\n<p><strong>COROLLA Jean-Pierre, PARLIER Emmanuel, KUPFER Michel<\/strong> <em>in : <\/em><strong>DORIS<\/strong>, 29\/06\/2020 : <em>Spongilla lacustris<\/em> (Linnaeus, 1759).<br><a href=\"https:\/\/doris.ffessm.fr\/ref\/specie\/332\">https:\/\/doris.ffessm.fr\/ref\/specie\/332<\/a><\/p>\n\n\n\n<hr class=\"wp-block-separator has-alpha-channel-opacity\"\/>\n\n\n\n<p class=\"has-text-align-left\"><strong>Hydre d\u2019eau douce <em>Hydra sp <\/em>(5 \u00e0 30 mm)<\/strong><\/p>\n\n\n\n<p class=\"has-text-align-center\"><img decoding=\"async\" style=\"width: 1400px;\" src=\"https:\/\/lh7-us.googleusercontent.com\/Y4jJXbtvA4v36bd-GH_FAcH7N_a6lr_8usTockZEc5u274R7nujfg7vtpepPYHQnahWKHNhA7e_Rx-W2lQClv_hJ1KjzeCINFzNGv5Ia4FGsTojPeUImMs_PK7iOKZEOsDVT2wlARYt__p-AH1hj0_WEQA=s2048\"><\/p>\n\n\n\n<p>L\u2019hydre d\u2019eau douce est un cnidaire dont le cycle de vie ne passe pas par la forme m\u00e9duse. Sa bouche est entour\u00e9e de tentacules munis de harpons qui paralysent leurs proies (param\u00e9cies, jeunes daphnies\u2026). La reproduction peut \u00eatre asexu\u00e9e (par bourgeonnement) et sexu\u00e9e (\u00e0 l\u2019automne). Elles se d\u00e9placent de quelques centim\u00e8tres par an \u00e0 la mani\u00e8re des chenilles arpenteuses.<\/p>\n\n\n\n<p><strong>COROLLA Jean-Pierre, M\u00dcLLER Yves, KUPFER Michel<\/strong> <em>in : <\/em><strong>DORIS<\/strong>, 19\/11\/2016 : <em>Hydra sp.<\/em> Linnaeus, 1758 (genre).<br><a href=\"https:\/\/doris.ffessm.fr\/ref\/specie\/525\">https:\/\/doris.ffessm.fr\/ref\/specie\/525<\/a><\/p>\n\n\n\n<hr class=\"wp-block-separator has-alpha-channel-opacity\"\/>\n\n\n\n<p><strong>Cristatelle&nbsp; <em>Cristatella mucedo<\/em><\/strong><\/p>\n\n\n\n<p class=\"has-text-align-center\"><img decoding=\"async\" style=\"width: 1400px;\" src=\"https:\/\/lh7-us.googleusercontent.com\/B-w93rpdCUXmNHpegGFSkeyk1TMQ0YWaUGnjHvqPtl7ae8L9nrWeSlm18Xdk9cJcgkz6dvdErOPkh3NL-A22B4nJk2gTK5ik7a057wthYrlcOznI2Q7kUJ0OT0gJuQGeHTmZUfE9kGwd8gmNxa_GM9IVsw=s2048\"><img decoding=\"async\" style=\"width: 450px;\" src=\"https:\/\/lh7-us.googleusercontent.com\/Mc1stK209Dqy5PwVJpBLEmAgu5HnOQcWmIYJ9EiPUtEMBE9Ah3poF57KEnDI2_POlvYxJ2md1eSO3Nz8JRTtov7WNjXG-SEflP1vmgPOR2rw4vN2PHZ2u8Z6wTRltyqIjKUVIH2cw-0yy-hYG0nw4mQcCA=s2048\"><\/p>\n\n\n\n<p>Ce bryozoaire constitue des colonies transparentes d\u2019individus ressemblant \u00e0 des chenilles (0,5 \u00e0 5 cm), se d\u00e9veloppant au printemps tardif (temp\u00e9rature de l\u2019eau \u00e0 partir de 15 \u00e0 16\u00b0C), plut\u00f4t pr\u00e8s de la surface. Chaque individu poss\u00e8de une couronne de tentacules en forme de fer \u00e0 cheval qui lui sert \u00e0 se nourrir de toutes particules pouvant passer par sa bouche. La reproduction est principalement asexu\u00e9e :<\/p>\n\n\n\n<p>\u00b7&nbsp; &nbsp; &nbsp; &nbsp; par bourgeonnement&nbsp;<\/p>\n\n\n\n<p>\u00b7&nbsp; &nbsp; &nbsp; &nbsp; par des statoblastes (organes de r\u00e9sistance au froid &lt;8\u00b0C) en forme de petits disques \u00e9quip\u00e9s de flotteurs. Ces disques peuvent \u00eatre diss\u00e9min\u00e9s par le courant, les oiseaux et probablement les poissons.&nbsp;<\/p>\n\n\n\n<p><strong>COROLLA Jean-Pierre, M\u00dcLLER Yves, MASSARD Jos, GEIMER Gaby, KUPFER Michel<\/strong> <em>in : <\/em><strong>DORIS<\/strong>, 27\/03\/2021 : <em>Cristatella mucedo<\/em> Cuvier, 1798.<br><a href=\"https:\/\/doris.ffessm.fr\/ref\/specie\/486\">https:\/\/doris.ffessm.fr\/ref\/specie\/486<\/a><\/p>\n\n\n\n<hr class=\"wp-block-separator has-alpha-channel-opacity\"\/>\n\n\n\n<p><strong><em>CHARACEAE<\/em><\/strong><\/p>\n\n\n\n<p class=\"has-text-align-center\"><img decoding=\"async\" style=\"width: 1400px;\" src=\"https:\/\/lh7-us.googleusercontent.com\/IjOmTsY_IfnVdtwVc2QxCmZglQUcNRyKnmUNCwhInW8-746Q4WbiUEqsT2b5W44vgg8aEOwuOO6eR91Jo2oT4u9KSk-sgBZ-Ae7FoaAora0wj8aminh_iuHf1j8e5rsN-7OrZ9HtZ9f7QxeOHCpRAMbM9A=s2048\"><\/p>\n\n\n\n<p>Les charac\u00e9es sont des algues d\u2019eau douce (chlorophytes), pionni\u00e8res, tr\u00e8s sensibles \u00e0 toute forme de pollution. Leur pr\u00e9sence est un excellent indicateur de bonne sant\u00e9 et de bon \u00e9quilibre de l\u2019eau.<\/p>\n\n\n\n<p>Elles forment un herbier monosp\u00e9cifique temporaire, qui sert d\u2019habitat \u00e0 d\u2019autres esp\u00e8ces (mollusques, insectes\u2026), de lieu de ponte pour les poissons ou bien d\u2019aliments.<\/p>\n\n\n\n<p><strong>COROLLA Jean-Pierre, ROCHEFORT Ga\u00ebl, KUPFER Michel<\/strong> <em>in : <\/em><strong>DORIS<\/strong>, 17\/02\/2022 : <em>Characeae (famille)<\/em> S.F. Gray, 1821.<br><a href=\"https:\/\/doris.ffessm.fr\/ref\/specie\/2948\">https:\/\/doris.ffessm.fr\/ref\/specie\/2948<\/a><\/p>\n\n\n\n<hr class=\"wp-block-separator has-alpha-channel-opacity\"\/>\n\n\n\n<p><strong><em>Ophrydium<\/em><\/strong><\/p>\n\n\n\n<p class=\"has-text-align-center\"><img decoding=\"async\" style=\"width: 1400px;\" src=\"https:\/\/lh7-us.googleusercontent.com\/o59tpTc3FKQ2CTHlFJE40wDas1Mz95CXNKsA3R3mCVl7NyVinLXhwUHU30PSm5QMKAxta1h5BwxeCCYEWZ58s5pUAApJavKiyhklbYLqim8XF-R6gaGWCRnO0ncKxuMOQTX0zTe8KAWpWAdu5HUZdTZSxA=s2048\"><\/p>\n\n\n\n<p>Il s\u2019agit d\u2019un organisme unicellulaire (Cili\u00e9) qui forme des colonies g\u00e9latineuses sph\u00e9riques. Les plus grandes peuvent contenir en leur centre un creux avec du gaz et de l\u2019eau. Ces organismes peuvent h\u00e9berger des algues vertes (endosymbiose), qui leur donnent la couleur verte et leur permettent un apport en nutriments.&nbsp;<\/p>\n\n\n\n<p><strong>COROLLA Jean-Pierre, M\u00dcLLER Yves, KUPFER Michel<\/strong> <em>in : <\/em><strong>DORIS<\/strong>, 11\/06\/2016 : <em>Ophrydium versatile<\/em> (Bory de Saint Vincent, 1826).<br><a href=\"https:\/\/doris.ffessm.fr\/ref\/specie\/795\">https:\/\/doris.ffessm.fr\/ref\/specie\/795<\/a><\/p>\n","protected":false},"excerpt":{"rendered":"<p>Perche Perca fluviatilis Nombreuses dans cette r\u00e9serve d\u2019eau, elles sont tr\u00e8s faciles \u00e0 observer du bord de l\u2019eau jusqu\u2019au fond. Ce sont de redoutables pr\u00e9dateurs ; elles se nourrissent de petits poissons, d\u2019invert\u00e9br\u00e9s aquatiques et m\u00eame des insectes qui tombent dans l\u2019eau. Elles peuvent \u00eatre cannibales si la nourriture vient \u00e0 manquer. Comme les carpes, elles s\u2019engourdissent et restent pos\u00e9es sur le fond pendant la p\u00e9riode froide. Au printemps, saison de la reproduction, il n\u2019est pas rare de voir des cordons d\u2019\u0153ufs blancs attach\u00e9s \u00e0 la v\u00e9g\u00e9tation ou au substrat. COROLLA Jean-Pierre, BOISNEAU Philippe, KUPFER Michel in : DORIS, 19\/03\/2019 : Perca fluviatilis Linnaeus, 1758.https:\/\/doris.ffessm.fr\/ref\/specie\/330 Anguille Anguilla anguilla Tr\u00e8s rare \u00e0 St Lin, ce poisson est un migrateur \u00e0 m\u0153urs nocturnes. L\u2019anguille est en effet capable de traverser les champs entre deux points d\u2019eau, car elle respire par des branchies mais \u00e9galement par sa peau. C\u2019est un pr\u00e9dateur opportuniste qui se nourrit de petits insectes, de crustac\u00e9s et de petits poissons. A l\u2019automne, elle rejoint l\u2019oc\u00e9an pour se reproduire. La surp\u00eache des civelles, le braconnage des adultes, la pollution et les am\u00e9nagements des cours d\u2019eau, ainsi que l\u2019apparition de parasites, sont responsables de sa rar\u00e9faction. C\u2019est un animal en danger critique d\u2019extinction. COROLLA Jean-Pierre, ZIEMSKI Fr\u00e9d\u00e9ric, KUPFER Michel in : DORIS, 27\/11\/2023 : Anguilla anguilla (Linnaeus, 1758).https:\/\/doris.ffessm.fr\/ref\/specie\/856 Carpe Cyprinus carpio La carri\u00e8re compte quelques individus que l\u2019on peut croiser sur le chemin dans \u00e0 peine deux m\u00e8tres d\u2019eau ou bien plus profond\u00e9ment. Pour se nourrir, les carpes fouillent le sol \u00e0 l\u2019aide de leurs barbillons situ\u00e9s autour de leur bouche et trouvent ainsi des insectes (larves), des petits crustac\u00e9s, des vers, des plantes et m\u00eame des petits poissons. Elles sont capables de s\u2019enfouir dans la vase et de vivre au ralenti pendant la p\u00e9riode froide. COROLLA Jean-Pierre, DACHEUX Jean-Louis, KUPFER Michel in : DORIS, 30\/07\/2023 : Cyprinus carpio Linnaeus, 1758.https:\/\/doris.ffessm.fr\/ref\/specie\/248 Crapaud \u00e9pineux &#8211; Bufo spinosus Le Crapaud \u00e9pineux est une esp\u00e8ce prot\u00e9g\u00e9e, dont le cycle de vie se divise en deux phases. L\u2019adulte vit une dizaine d\u2019ann\u00e9es et hiverne en g\u00e9n\u00e9ral d\u2019octobre \u00e0 f\u00e9vrier \u00e0 l\u2019abri du gel. Au printemps, il se d\u00e9place sur les sites de pontes, ce qui le rend particuli\u00e8rement vuln\u00e9rable sur les routes. La femelle pond dans l\u2019eau des milliers d\u2019\u0153ufs en longs cordons (jusqu\u2019\u00e0 5 m\u00e8tres) que le m\u00e2le va attacher \u00e0 une plante. Apr\u00e8s l\u2019\u00e9closion, les t\u00eatards vont mettre plusieurs semaines \u00e0 grandir et se m\u00e9tamorphoser compl\u00e8tement, jusqu\u2019\u00e0 \u00eatre capables de quitter le milieu aquatique pour le milieu terrestre. \u00a0DORIS, 07\/03\/2023 : Bufo spinosus (Daudin, 1803).https:\/\/doris.ffessm.fr\/ref\/specie\/5777 Anodonte des \u00e9tangs &#8211; Anodonta cygnea L\u2019anodonte est un bivalve d\u2019eau douce qui peut mesurer 20 cm de haut et vivre plus de 15 ans. Il s\u2019alimente en filtrant les particules en suspension \u00e0 travers ses siphons et participe ainsi \u00e0 purifier jusqu\u2019\u00e0 40 litres d\u2019eau par jour. L\u2019individu, hermaphrodite, peut se d\u00e9placer au fond gr\u00e2ce \u00e0 un pied unique, mais c\u2019est surtout gr\u00e2ce \u00e0 ses larves qu\u2019il va pouvoir coloniser de nouveaux milieux. Au printemps, celles-ci vont \u00eatre expuls\u00e9es du corps de l\u2019adulte et s\u2019accrocher aux branchies des poissons pendant plusieurs mois. Lorsqu\u2019elles atteignent la taille d\u2019environ 1 cm, elles vont se d\u00e9tacher et commencer leur vie dans la vase ou les graviers. KUPFER Michel, HEROLD Jean-Pierre in : DORIS, 30\/07\/2021 : Anodonta cygnea (Linnaeus, 1758).https:\/\/doris.ffessm.fr\/ref\/specie\/220 Limn\u00e9e conque Radix auricularia Ce mollusque fr\u00e9quente les fonds riches en \u00e9l\u00e9ments nutritifs. Il dispose d\u2019une langue r\u00e2peuse chitineuse qui lui permet de manger. Il respire de l\u2019air qu\u2019il accumule dans une sorte de sac appel\u00e9 cavit\u00e9 pulmonaire. Il peut aussi respirer par la peau dans une eau bien oxyg\u00e9n\u00e9e. Il peut faire jusqu\u2019\u00e0 30 mm de hauteur.&nbsp; KUPFER Michel, HEROLD Jean-Pierre in : DORIS, 08\/01\/2021 : Radix auricularia (Linnaeus, 1758).https:\/\/doris.ffessm.fr\/ref\/specie\/243 Eponge d\u2019eau douce Spongilla lacustris Gemmules : De 0.15 \u00e0 1 mm de diam\u00e8tre C\u2019est une esp\u00e8ce hermaphrodite, m\u00e2le une ann\u00e9e, femelle l\u2019ann\u00e9e suivante. Elle a donc une reproduction sexu\u00e9e mais \u00e9galement une reproduction asexu\u00e9e : &#8211; par fragmentation&nbsp;&nbsp; &#8211; par cr\u00e9ation \u00e0 l\u2019automne de gemmules, rondes et jaune orang\u00e9e, que l\u2019on peut voir sur la photo. La forme \u00e9ponge encro\u00fbtante d\u00e9g\u00e9n\u00e8re alors et dispara\u00eet. Au printemps suivant, les gemmules formeront un clone de la \u00ab m\u00e8re \u00bb.&nbsp; COROLLA Jean-Pierre, PARLIER Emmanuel, KUPFER Michel in : DORIS, 29\/06\/2020 : Spongilla lacustris (Linnaeus, 1759).https:\/\/doris.ffessm.fr\/ref\/specie\/332 Hydre d\u2019eau douce Hydra sp (5 \u00e0 30 mm) L\u2019hydre d\u2019eau douce est un cnidaire dont le cycle de vie ne passe pas par la forme m\u00e9duse. Sa bouche est entour\u00e9e de tentacules munis de harpons qui paralysent leurs proies (param\u00e9cies, jeunes daphnies\u2026). La reproduction peut \u00eatre asexu\u00e9e (par bourgeonnement) et sexu\u00e9e (\u00e0 l\u2019automne). Elles se d\u00e9placent de quelques centim\u00e8tres par an \u00e0 la mani\u00e8re des chenilles arpenteuses. COROLLA Jean-Pierre, M\u00dcLLER Yves, KUPFER Michel in : DORIS, 19\/11\/2016 : Hydra sp. Linnaeus, 1758 (genre).https:\/\/doris.ffessm.fr\/ref\/specie\/525 Cristatelle&nbsp; Cristatella mucedo Ce bryozoaire constitue des colonies transparentes d\u2019individus ressemblant \u00e0 des chenilles (0,5 \u00e0 5 cm), se d\u00e9veloppant au printemps tardif (temp\u00e9rature de l\u2019eau \u00e0 partir de 15 \u00e0 16\u00b0C), plut\u00f4t pr\u00e8s de la surface. Chaque individu poss\u00e8de une couronne de tentacules en forme de fer \u00e0 cheval qui lui sert \u00e0 se nourrir de toutes particules pouvant passer par sa bouche. La reproduction est principalement asexu\u00e9e : \u00b7&nbsp; &nbsp; &nbsp; &nbsp; par bourgeonnement&nbsp; \u00b7&nbsp; &nbsp; &nbsp; &nbsp; par des statoblastes (organes de r\u00e9sistance au froid &lt;8\u00b0C) en forme de petits disques \u00e9quip\u00e9s de flotteurs. Ces disques peuvent \u00eatre diss\u00e9min\u00e9s par le courant, les oiseaux et probablement les poissons.&nbsp; COROLLA Jean-Pierre, M\u00dcLLER Yves, MASSARD Jos, GEIMER Gaby, KUPFER Michel in : DORIS, 27\/03\/2021 : Cristatella mucedo Cuvier, 1798.https:\/\/doris.ffessm.fr\/ref\/specie\/486 CHARACEAE Les charac\u00e9es sont des algues d\u2019eau douce (chlorophytes), pionni\u00e8res, tr\u00e8s sensibles \u00e0 toute forme de pollution. Leur pr\u00e9sence est un excellent indicateur de bonne sant\u00e9 et de bon \u00e9quilibre de l\u2019eau. Elles forment un herbier monosp\u00e9cifique temporaire, qui sert d\u2019habitat \u00e0 d\u2019autres esp\u00e8ces (mollusques, insectes\u2026), de lieu de ponte pour les poissons ou bien d\u2019aliments. COROLLA Jean-Pierre, ROCHEFORT Ga\u00ebl, KUPFER Michel in : DORIS, 17\/02\/2022 : Characeae (famille) S.F. Gray, 1821.https:\/\/doris.ffessm.fr\/ref\/specie\/2948 Ophrydium Il s\u2019agit d\u2019un organisme unicellulaire (Cili\u00e9) qui forme des colonies g\u00e9latineuses sph\u00e9riques. Les plus grandes peuvent contenir en leur centre un creux avec du gaz et de l\u2019eau. Ces organismes peuvent h\u00e9berger des algues vertes (endosymbiose), qui leur donnent la couleur verte et leur permettent un apport en nutriments.&nbsp; COROLLA Jean-Pierre, M\u00dcLLER Yves, KUPFER Michel in : DORIS, 11\/06\/2016 : Ophrydium versatile (Bory de Saint Vincent, 1826).https:\/\/doris.ffessm.fr\/ref\/specie\/795<\/p>\n","protected":false},"author":12,"featured_media":0,"parent":21,"menu_order":0,"comment_status":"closed","ping_status":"closed","template":"","meta":{"footnotes":""},"class_list":["post-1115","page","type-page","status-publish","hentry"],"_links":{"self":[{"href":"http:\/\/codep79-plongee.fr\/index.php\/wp-json\/wp\/v2\/pages\/1115","targetHints":{"allow":["GET"]}}],"collection":[{"href":"http:\/\/codep79-plongee.fr\/index.php\/wp-json\/wp\/v2\/pages"}],"about":[{"href":"http:\/\/codep79-plongee.fr\/index.php\/wp-json\/wp\/v2\/types\/page"}],"author":[{"embeddable":true,"href":"http:\/\/codep79-plongee.fr\/index.php\/wp-json\/wp\/v2\/users\/12"}],"replies":[{"embeddable":true,"href":"http:\/\/codep79-plongee.fr\/index.php\/wp-json\/wp\/v2\/comments?post=1115"}],"version-history":[{"count":12,"href":"http:\/\/codep79-plongee.fr\/index.php\/wp-json\/wp\/v2\/pages\/1115\/revisions"}],"predecessor-version":[{"id":1131,"href":"http:\/\/codep79-plongee.fr\/index.php\/wp-json\/wp\/v2\/pages\/1115\/revisions\/1131"}],"up":[{"embeddable":true,"href":"http:\/\/codep79-plongee.fr\/index.php\/wp-json\/wp\/v2\/pages\/21"}],"wp:attachment":[{"href":"http:\/\/codep79-plongee.fr\/index.php\/wp-json\/wp\/v2\/media?parent=1115"}],"curies":[{"name":"wp","href":"https:\/\/api.w.org\/{rel}","templated":true}]}}