{"id":1613,"date":"2025-12-30T15:30:03","date_gmt":"2025-12-30T14:30:03","guid":{"rendered":"https:\/\/codep79-plongee.fr\/?page_id=1613"},"modified":"2025-12-30T15:32:46","modified_gmt":"2025-12-30T14:32:46","slug":"2026-nouveau-site-de-reservation-st-lin","status":"publish","type":"page","link":"http:\/\/codep79-plongee.fr\/index.php\/la-carriere-de-st-lin\/2026-nouveau-site-de-reservation-st-lin\/","title":{"rendered":"2026 &#8211; Nouveau site de r\u00e9servation St Lin"},"content":{"rendered":"\n<p>Cette page est d\u00e9di\u00e9 au nouveau site de r\u00e9servation de St Lin, actif au 01\/01\/2026.<\/p>\n\n\n\n<p><\/p>\n\n\n\n<p><strong>Vid\u00e9o de pr\u00e9sentation &#8211; Le calendrier<\/strong><\/p>\n\n\n\n<figure class=\"wp-block-video\"><video height=\"658\" style=\"aspect-ratio: 1400 \/ 658;\" width=\"1400\" controls src=\"http:\/\/codep79-plongee.fr\/wp-content\/uploads\/2025\/12\/GRR_Presentation_Calendrier.mp4\"><\/video><\/figure>\n\n\n\n<p><strong>Vid\u00e9o de pr\u00e9sentation &#8211; R\u00e9server une plong\u00e9e<\/strong><\/p>\n\n\n\n<figure class=\"wp-block-video\"><video height=\"658\" style=\"aspect-ratio: 1400 \/ 658;\" width=\"1400\" controls src=\"http:\/\/codep79-plongee.fr\/wp-content\/uploads\/2025\/12\/GRR_Reservation_Plongee.mp4\"><\/video><\/figure>\n","protected":false},"excerpt":{"rendered":"<p>Cette page est d\u00e9di\u00e9 au nouveau site de r\u00e9servation de St Lin, actif au 01\/01\/2026. Vid\u00e9o de pr\u00e9sentation &#8211; Le calendrier Vid\u00e9o de pr\u00e9sentation &#8211; R\u00e9server une plong\u00e9e<\/p>\n","protected":false},"author":1,"featured_media":0,"parent":21,"menu_order":0,"comment_status":"closed","ping_status":"closed","template":"","meta":{"footnotes":""},"class_list":["post-1613","page","type-page","status-publish","hentry"],"_links":{"self":[{"href":"http:\/\/codep79-plongee.fr\/index.php\/wp-json\/wp\/v2\/pages\/1613","targetHints":{"allow":["GET"]}}],"collection":[{"href":"http:\/\/codep79-plongee.fr\/index.php\/wp-json\/wp\/v2\/pages"}],"about":[{"href":"http:\/\/codep79-plongee.fr\/index.php\/wp-json\/wp\/v2\/types\/page"}],"author":[{"embeddable":true,"href":"http:\/\/codep79-plongee.fr\/index.php\/wp-json\/wp\/v2\/users\/1"}],"replies":[{"embeddable":true,"href":"http:\/\/codep79-plongee.fr\/index.php\/wp-json\/wp\/v2\/comments?post=1613"}],"version-history":[{"count":2,"href":"http:\/\/codep79-plongee.fr\/index.php\/wp-json\/wp\/v2\/pages\/1613\/revisions"}],"predecessor-version":[{"id":1617,"href":"http:\/\/codep79-plongee.fr\/index.php\/wp-json\/wp\/v2\/pages\/1613\/revisions\/1617"}],"up":[{"embeddable":true,"href":"http:\/\/codep79-plongee.fr\/index.php\/wp-json\/wp\/v2\/pages\/21"}],"wp:attachment":[{"href":"http:\/\/codep79-plongee.fr\/index.php\/wp-json\/wp\/v2\/media?parent=1613"}],"curies":[{"name":"wp","href":"https:\/\/api.w.org\/{rel}","templated":true}]}}