{"id":21,"date":"2020-02-15T15:54:27","date_gmt":"2020-02-15T14:54:27","guid":{"rendered":"http:\/\/codep79-plongee.fr\/?page_id=21"},"modified":"2026-03-03T09:42:04","modified_gmt":"2026-03-03T08:42:04","slug":"la-carriere-de-st-lin","status":"publish","type":"page","link":"http:\/\/codep79-plongee.fr\/index.php\/la-carriere-de-st-lin\/","title":{"rendered":"La carri\u00e8re de St Lin"},"content":{"rendered":"\n<hr class=\"wp-block-separator has-alpha-channel-opacity\"\/>\n\n\n\n<p>Planning des sorties CODEP (Saison 2025-2026)<\/p>\n\n\n\n<ul class=\"wp-block-list\">\n<li>L\u2019inscription se fera par mail ou t\u00e9l\u00e9phone aupr\u00e8s du directeur de plong\u00e9e au plus t\u00f4t 15 jours avant et au plus tard le mercredi pr\u00e9c\u00e8dent la date de sortie la date. (La priorit\u00e9 d\u2019inscription pour les stagiaires niveau 4 ne sera valable que la premi\u00e8re semaine).<br><\/li>\n\n\n\n<li>Pour \u00eatre inscrit en tant que directeur de plong\u00e9e sur une ou plusieurs dates, faire la demande \u00e0 <strong>Juan RODRIGUEZ<\/strong>.<\/li>\n<\/ul>\n\n\n\n<figure class=\"wp-block-table\"><table><tbody><tr><td><strong>Num\u00e9ro<\/strong><\/td><td><strong>Dates<\/strong><\/td><td><strong>Directeur de plong\u00e9e<\/strong><\/td><td><strong>Encadrants<\/strong><\/td><\/tr><tr><td>2025.01<\/td><td>D-07\/09\/25<\/td><td><em>Franck LASSISTE \u2013 E3\/MF1<br>tel : 0688392289 <br>mail : franck.lassiste @ gmail.com<\/em><\/td><td><\/td><\/tr><tr><td>2025.02<\/td><td>D-21\/09\/25<\/td><td><em>Aymeric HERVY- E3\/MF1<br>tel : 0606537551 <br>mail : hervy.aymeric @ gmail.com<\/em><\/td><td><\/td><\/tr><tr><td>2025.03<\/td><td>D-05\/10\/25<\/td><td><em>M\u00e9deric VOISIN &#8211; E3\/MF1<br>T\u00e9l: 0666717546<br>mail : medvoisin @ gmail.com<\/em><\/td><td><\/td><\/tr><tr><td>2025.04<\/td><td>D-19\/10\/25<\/td><td><em>Eric VIDAL &#8211; E4\/MF2<br>T\u00e9l: 0678962379 <br>mail&nbsp;: aquaeric@gmail.com<\/em><\/td><td><\/td><\/tr><tr><td>2025.05<\/td><td>D-02\/11\/25<\/td><td><em>Eric VIDAL &#8211; E4\/MF2<br>T\u00e9l: 0678962379 <br>mail&nbsp;: aquaeric@gmail.com<\/em><\/td><td><\/td><\/tr><tr><td>2025.06<\/td><td>D-16 \/11\/25<\/td><td><em>S\u00e9bastien CLAUDEL &#8211; E4\/MF2<br>t\u00e9l : 0660098743<br>mail : sclaudel @ gmail.com<\/em><\/td><td><\/td><\/tr><tr><td>2025.07<\/td><td>D-30\/11\/25<\/td><td><em>H\u00e9l\u00e8ne BOISDY &#8211; E3\/MF1<br>t\u00e9l : 0672444845<br>mail : president.carp79 @ gmail.com<\/em><\/td><td><\/td><\/tr><tr><td><strong>2025.08<\/strong><\/td><td>D<strong>-29\/03\/26<\/strong><\/td><td><strong>JOURNEE CADRES 79<br>DP Juan RODRIGUEZ<br>4463juanrodriguez @ gmail.com<\/strong><\/td><td><\/td><\/tr><tr><td>2025.09<\/td><td>D-12\/04\/26<\/td><td>S\u00e9bastien CLAUDEL &#8211; E4\/MF2 NC<br>t\u00e9l : 0660098743<br>mail : sclaudel @ gmail.com<\/td><td><\/td><\/tr><tr><td>2025.10<\/td><td>D-26 \/04\/26<\/td><td>Nathalie MASSE RODRIGUEZ &#8211; E4\/MF2 NC<br>t\u00e9l: 0684749638<br>mail: nathaliemasse27@gmail.com<\/td><td>Juan Rodriguez-FFM<br><br><\/td><\/tr><tr><td>2025.11<\/td><td>D-10\/05\/26<\/td><td>Fran\u00e7ois BARILLOT- E3\/MF1 NC<br>t\u00e9l: 0606478426<br>mail: fra.barillot@gmail.com<\/td><td><\/td><\/tr><tr><td>2025.12<\/td><td>D-31\/05\/26<\/td><td>Juan RODRIGUEZ &#8211; E3\/FFM NC<br>t\u00e9l: 0777801929<br>mail: 4463juanrodriguez@gmail.com<\/td><td><\/td><\/tr><tr><td>2025.13<\/td><td>D-14\/06\/26<\/td><td><\/td><td><\/td><\/tr><tr><td>2025.14<\/td><td>D-28\/06\/26<\/td><td><\/td><td><\/td><\/tr><tr><td>2025.15<\/td><td>D-12\/07\/26<\/td><td><\/td><td><\/td><\/tr><\/tbody><\/table><\/figure>\n\n\n\n<hr class=\"wp-block-separator has-css-opacity\"\/>\n\n\n\n<p>Le site de St Lin accueille les plongeurs des clubs FFESSM des d\u00e9partements 79, 86, 16 et 17.<\/p>\n\n\n\n<p>Cet espace de formation commun est actuellement administr\u00e9 avec un site web ind\u00e9pendant qui permet d&rsquo;y g\u00e9rer un planning des activit\u00e9s pour coordonner les cr\u00e9neaux de plong\u00e9e.<\/p>\n\n\n\n<p>Le site est limit\u00e9 \u00e0 25 personnes sur le site de plong\u00e9e (hors parking et vestiaire), merci de respecter cette consigne.<\/p>\n\n\n\n<p class=\"has-text-align-center has-text-color has-normal-font-size\" style=\"color:#a43107\"><a href=\"https:\/\/ffessm-codep79.mygrr.net\">&gt;&gt;&gt; Planning de r\u00e9servation de St LIN &lt;&lt;&lt;<\/a><\/p>\n\n\n\n<hr class=\"wp-block-separator has-css-opacity\"\/>\n\n\n\n<p class=\"has-text-align-center\"><strong>Directeurs de Plong\u00e9e \u00e0 Saint-Lin.<\/strong><\/p>\n\n\n\n<p><strong>Un compl\u00e9ment \u00ab\u00a0Rappel sur quelques bonnes pratiques\u00a0\u00bb est disponible ci-joint, n&rsquo;oubliez pas de :<\/strong><\/p>\n\n\n\n<ul class=\"wp-block-list\">\n<li>\n\t<strong>R\u00e9servez\n\tvos cr\u00e9neaux<\/strong>\n\t<\/li>\n\n\n\n<li>\n\t<strong>Inscrivez\n\tvos plongeurs<\/strong>\n\t<\/li>\n\n\n\n<li><strong>T\u00e9l\u00e9chargez et pr\u00e9parez votre fiche de s\u00e9curit\u00e9 <\/strong><\/li>\n\n\n\n<li><a href=\"http:\/\/codep79-plongee.fr\/wp-content\/uploads\/2025\/11\/Fiche-de-securite-V0-051125.pdf\">http:\/\/codep79-plongee.fr\/wp-content\/uploads\/2025\/11\/Fiche-de-securite-V0-051125.pdf<\/a><\/li>\n\n\n\n<li><a href=\"http:\/\/codep79-plongee.fr\/wp-content\/uploads\/2025\/11\/Fiche-de-securite-V0-051125.ods\">http:\/\/codep79-plongee.fr\/wp-content\/uploads\/2025\/11\/Fiche-de-securite-V0-051125.ods<\/a><br><\/li>\n\n\n\n<li>Note&nbsp;:<\/li>\n\n\n\n<li> Afin d&rsquo;obtenir vos habilitations pour g\u00e9rer vos r\u00e9servations, merci de vous adresser \u00e0 votre pr\u00e9sident de Club afin qu&rsquo;il valide aupr\u00e8s du bureau du CODEP l&rsquo;activation de votre compte en tant que \u00ab\u00a0Directeur de plong\u00e9e\u00a0\u00bb. <\/li>\n\n\n\n<li> Vous retrouverez \u00e9galement ci-dessous la Proc\u00e9dure de R\u00e9servation <\/li>\n<\/ul>\n\n\n\n<div class=\"wp-block-file aligncenter\"><a id=\"wp-block-file--media-4cd6ca86-313b-4ff5-92bd-550c6b12cbfb\" href=\"http:\/\/codep79-plongee.fr\/wp-content\/uploads\/2024\/07\/RI-Carriere-2024-04-24.pdf\" target=\"_blank\" rel=\"noreferrer noopener\">R\u00e8glement Int\u00e9rieur Carri\u00e8re St LIN 2024-04-24<\/a><a href=\"http:\/\/codep79-plongee.fr\/wp-content\/uploads\/2024\/07\/RI-Carriere-2024-04-24.pdf\" class=\"wp-block-file__button wp-element-button\" download aria-describedby=\"wp-block-file--media-4cd6ca86-313b-4ff5-92bd-550c6b12cbfb\">T\u00e9l\u00e9charger<\/a><\/div>\n\n\n\n<hr class=\"wp-block-separator has-css-opacity\"\/>\n\n\n\n<div class=\"wp-block-file aligncenter\"><a id=\"wp-block-file--media-36c64eea-5417-4a41-b1d2-e826cf95cefa\" href=\"http:\/\/codep79-plongee.fr\/wp-content\/uploads\/2020\/02\/Carriere-Procedure-de-Reservation-\u00e0-Saint-Lin-DP.pdf\" target=\"_blank\" rel=\"noreferrer noopener\">Carriere &#8211; Procedure de Reservation \u00e0 Saint-Lin &#8211; DP<\/a><a href=\"http:\/\/codep79-plongee.fr\/wp-content\/uploads\/2020\/02\/Carriere-Procedure-de-Reservation-\u00e0-Saint-Lin-DP.pdf\" class=\"wp-block-file__button wp-element-button\" download aria-describedby=\"wp-block-file--media-36c64eea-5417-4a41-b1d2-e826cf95cefa\">T\u00e9l\u00e9charger<\/a><\/div>\n\n\n\n<div class=\"wp-block-file aligncenter\"><a id=\"wp-block-file--media-d7551724-2a10-44a8-8526-da18daf292ad\" href=\"http:\/\/codep79-plongee.fr\/wp-content\/uploads\/2020\/02\/Carriere-Rappel-sur-quelques-bonnes-pratiques.pdf\" target=\"_blank\" rel=\"noreferrer noopener\">Carriere &#8211; Rappel sur quelques bonnes pratiques<\/a><a href=\"http:\/\/codep79-plongee.fr\/wp-content\/uploads\/2020\/02\/Carriere-Rappel-sur-quelques-bonnes-pratiques.pdf\" class=\"wp-block-file__button wp-element-button\" download aria-describedby=\"wp-block-file--media-d7551724-2a10-44a8-8526-da18daf292ad\">T\u00e9l\u00e9charger<\/a><\/div>\n\n\n\n<hr class=\"wp-block-separator has-css-opacity\"\/>\n\n\n\n<p class=\"has-text-align-center\"><strong>Les archives de la Carri\u00e8re de St Lin.<\/strong><\/p>\n\n\n\n<div class=\"wp-block-file aligncenter\"><a id=\"wp-block-file--media-e31de76f-7d02-4759-852e-a93614dba8e7\" href=\"http:\/\/codep79-plongee.fr\/wp-content\/uploads\/2020\/02\/Carriere_01_Histoire.pdf\" target=\"_blank\" rel=\"noreferrer noopener\">Carriere &#8211; Son histoire<\/a><a href=\"http:\/\/codep79-plongee.fr\/wp-content\/uploads\/2020\/02\/Carriere_01_Histoire.pdf\" class=\"wp-block-file__button wp-element-button\" download aria-describedby=\"wp-block-file--media-e31de76f-7d02-4759-852e-a93614dba8e7\">T\u00e9l\u00e9charger<\/a><\/div>\n\n\n\n<div class=\"wp-block-file aligncenter\"><a id=\"wp-block-file--media-2271f0dc-c62c-49a9-bf94-af8f5bb64e59\" href=\"http:\/\/codep79-plongee.fr\/wp-content\/uploads\/2020\/02\/Carriere_02_Archives-D\u00e9partementale.pdf\" target=\"_blank\" rel=\"noreferrer noopener\">Carriere &#8211; Les Archives D\u00e9partementales<\/a><a href=\"http:\/\/codep79-plongee.fr\/wp-content\/uploads\/2020\/02\/Carriere_02_Archives-D\u00e9partementale.pdf\" class=\"wp-block-file__button wp-element-button\" download aria-describedby=\"wp-block-file--media-2271f0dc-c62c-49a9-bf94-af8f5bb64e59\">T\u00e9l\u00e9charger<\/a><\/div>\n\n\n\n<p>_________________________________________________________________________________________<\/p>\n\n\n\n<p><strong> <\/strong>                                    <strong>Rapport du groupe de travail pour l&rsquo;AG du 11 octobre 2025<\/strong><\/p>\n\n\n\n<div data-wp-interactive=\"core\/file\" class=\"wp-block-file\"><object data-wp-bind--hidden=\"!state.hasPdfPreview\" hidden class=\"wp-block-file__embed\" data=\"https:\/\/codep79-plongee.fr\/wp-content\/uploads\/2025\/10\/Presentation_CODEP79_AG_2025_Groupe_Travail_St_Lin.pdf\" type=\"application\/pdf\" style=\"width:100%;height:600px\" aria-label=\"Contenu embarqu\u00e9 Presentation_CODEP79_AG_2025_Groupe_Travail_St_Lin.\"><\/object><a id=\"wp-block-file--media-a79783bf-ff98-4894-a8f0-e83af508ba31\" href=\"https:\/\/codep79-plongee.fr\/wp-content\/uploads\/2025\/10\/Presentation_CODEP79_AG_2025_Groupe_Travail_St_Lin.pdf\">Presentation_CODEP79_AG_2025_Groupe_Travail_St_Lin<\/a><a href=\"https:\/\/codep79-plongee.fr\/wp-content\/uploads\/2025\/10\/Presentation_CODEP79_AG_2025_Groupe_Travail_St_Lin.pdf\" class=\"wp-block-file__button wp-element-button\" download aria-describedby=\"wp-block-file--media-a79783bf-ff98-4894-a8f0-e83af508ba31\">T\u00e9l\u00e9charger<\/a><\/div>\n","protected":false},"excerpt":{"rendered":"<p>Planning des sorties CODEP (Saison 2025-2026) Num\u00e9ro Dates Directeur de plong\u00e9e Encadrants 2025.01 D-07\/09\/25 Franck LASSISTE \u2013 E3\/MF1tel : 0688392289 mail : franck.lassiste @ gmail.com 2025.02 D-21\/09\/25 Aymeric HERVY- E3\/MF1tel : 0606537551 mail : hervy.aymeric @ gmail.com 2025.03 D-05\/10\/25 M\u00e9deric VOISIN &#8211; E3\/MF1T\u00e9l: 0666717546mail : medvoisin @ gmail.com 2025.04 D-19\/10\/25 Eric VIDAL &#8211; E4\/MF2T\u00e9l: 0678962379 mail&nbsp;: aquaeric@gmail.com 2025.05 D-02\/11\/25 Eric VIDAL &#8211; E4\/MF2T\u00e9l: 0678962379 mail&nbsp;: aquaeric@gmail.com 2025.06 D-16 \/11\/25 S\u00e9bastien CLAUDEL &#8211; E4\/MF2t\u00e9l : 0660098743mail : sclaudel @ gmail.com 2025.07 D-30\/11\/25 H\u00e9l\u00e8ne BOISDY &#8211; E3\/MF1t\u00e9l : 0672444845mail : president.carp79 @ gmail.com 2025.08 D-29\/03\/26 JOURNEE CADRES 79DP Juan RODRIGUEZ4463juanrodriguez @ gmail.com 2025.09 D-12\/04\/26 S\u00e9bastien CLAUDEL &#8211; E4\/MF2 NCt\u00e9l : 0660098743mail : sclaudel @ gmail.com 2025.10 D-26 \/04\/26 Nathalie MASSE RODRIGUEZ &#8211; E4\/MF2 NCt\u00e9l: 0684749638mail: nathaliemasse27@gmail.com Juan Rodriguez-FFM 2025.11 D-10\/05\/26 Fran\u00e7ois BARILLOT- E3\/MF1 NCt\u00e9l: 0606478426mail: fra.barillot@gmail.com 2025.12 D-31\/05\/26 Juan RODRIGUEZ &#8211; E3\/FFM NCt\u00e9l: 0777801929mail: 4463juanrodriguez@gmail.com 2025.13 D-14\/06\/26 2025.14 D-28\/06\/26 2025.15 D-12\/07\/26 Le site de St Lin accueille les plongeurs des clubs FFESSM des d\u00e9partements 79, 86, 16 et 17. Cet espace de formation commun est actuellement administr\u00e9 avec un site web ind\u00e9pendant qui permet d&rsquo;y g\u00e9rer un planning des activit\u00e9s pour coordonner les cr\u00e9neaux de plong\u00e9e. Le site est limit\u00e9 \u00e0 25 personnes sur le site de plong\u00e9e (hors parking et vestiaire), merci de respecter cette consigne. &gt;&gt;&gt; Planning de r\u00e9servation de St LIN &lt;&lt;&lt; Directeurs de Plong\u00e9e \u00e0 Saint-Lin. Un compl\u00e9ment \u00ab\u00a0Rappel sur quelques bonnes pratiques\u00a0\u00bb est disponible ci-joint, n&rsquo;oubliez pas de : Les archives de la Carri\u00e8re de St Lin. _________________________________________________________________________________________ Rapport du groupe de travail pour l&rsquo;AG du 11 octobre 2025<\/p>\n","protected":false},"author":11,"featured_media":0,"parent":0,"menu_order":0,"comment_status":"closed","ping_status":"closed","template":"","meta":{"footnotes":""},"class_list":["post-21","page","type-page","status-publish","hentry"],"_links":{"self":[{"href":"http:\/\/codep79-plongee.fr\/index.php\/wp-json\/wp\/v2\/pages\/21","targetHints":{"allow":["GET"]}}],"collection":[{"href":"http:\/\/codep79-plongee.fr\/index.php\/wp-json\/wp\/v2\/pages"}],"about":[{"href":"http:\/\/codep79-plongee.fr\/index.php\/wp-json\/wp\/v2\/types\/page"}],"author":[{"embeddable":true,"href":"http:\/\/codep79-plongee.fr\/index.php\/wp-json\/wp\/v2\/users\/11"}],"replies":[{"embeddable":true,"href":"http:\/\/codep79-plongee.fr\/index.php\/wp-json\/wp\/v2\/comments?post=21"}],"version-history":[{"count":90,"href":"http:\/\/codep79-plongee.fr\/index.php\/wp-json\/wp\/v2\/pages\/21\/revisions"}],"predecessor-version":[{"id":1629,"href":"http:\/\/codep79-plongee.fr\/index.php\/wp-json\/wp\/v2\/pages\/21\/revisions\/1629"}],"wp:attachment":[{"href":"http:\/\/codep79-plongee.fr\/index.php\/wp-json\/wp\/v2\/media?parent=21"}],"curies":[{"name":"wp","href":"https:\/\/api.w.org\/{rel}","templated":true}]}}