{"id":992,"date":"2023-06-20T20:25:28","date_gmt":"2023-06-20T18:25:28","guid":{"rendered":"http:\/\/codep79-plongee.fr\/?page_id=992"},"modified":"2023-10-07T17:38:53","modified_gmt":"2023-10-07T15:38:53","slug":"assemblee-generale","status":"publish","type":"page","link":"http:\/\/codep79-plongee.fr\/index.php\/assemblee-generale\/","title":{"rendered":"Assembl\u00e9e g\u00e9n\u00e9rale 2023"},"content":{"rendered":"\n<p>L&rsquo;assembl\u00e9e g\u00e9n\u00e9rale 2023 du Codep79 se tiendra cette ann\u00e9e le samedi 14 octobre 2023 \u00e0 17h Salle Robert Dalban \u00e0 Celles-sur-Belle <\/p>\n\n\n\n<p>Cette ann\u00e9e pour comm\u00e9morer les 40 ans de l&rsquo;existence du comit\u00e9 d\u00e9partemental de plong\u00e9e des Deux-S\u00e9vres, l&rsquo;AG sera suivie \u00e0 19h30 d&rsquo;un vin d&rsquo;honneur et d&rsquo;un diner* festif, \u00e0 l&rsquo;abbaye de Celles-sur-Belle. <\/p>\n\n\n\n<ul class=\"wp-block-list\">\n<li>*inscription et r\u00e9servation obligatoire avant le 28 septembre 2023 <\/li>\n<\/ul>\n\n\n\n<p><a href=\"https:\/\/www.helloasso.com\/associations\/codep79-essm\/evenements\/ag-40-ans-soiree-festive\">https:\/\/www.helloasso.com\/associations\/codep79-essm\/evenements\/ag-40-ans-soiree-festive<\/a><\/p>\n\n\n\n<p>Tarifs du diner festif : 12\u20ac jusqu&rsquo;\u00e0 13 ans et 25\u20ac \u00e0 partir de 14 ans.<\/p>\n\n\n\n<p>Vous retrouverez prochainement plus d&rsquo;informations sur cette page.<\/p>\n\n\n<div class=\"wp-block-image\">\n<figure class=\"alignleft size-large\"><img loading=\"lazy\" decoding=\"async\" width=\"768\" height=\"1024\" src=\"http:\/\/codep79-plongee.fr\/wp-content\/uploads\/2023\/07\/affiche_40a_V5-768x1024.jpeg\" alt=\"\" class=\"wp-image-1024\" srcset=\"http:\/\/codep79-plongee.fr\/wp-content\/uploads\/2023\/07\/affiche_40a_V5-768x1024.jpeg 768w, http:\/\/codep79-plongee.fr\/wp-content\/uploads\/2023\/07\/affiche_40a_V5-225x300.jpeg 225w, http:\/\/codep79-plongee.fr\/wp-content\/uploads\/2023\/07\/affiche_40a_V5-1152x1536.jpeg 1152w, http:\/\/codep79-plongee.fr\/wp-content\/uploads\/2023\/07\/affiche_40a_V5-1536x2048.jpeg 1536w, http:\/\/codep79-plongee.fr\/wp-content\/uploads\/2023\/07\/affiche_40a_V5-1140x1520.jpeg 1140w, http:\/\/codep79-plongee.fr\/wp-content\/uploads\/2023\/07\/affiche_40a_V5-scaled.jpeg 1920w\" sizes=\"auto, (max-width: 768px) 100vw, 768px\" \/><\/figure>\n<\/div>","protected":false},"excerpt":{"rendered":"<p>L&rsquo;assembl\u00e9e g\u00e9n\u00e9rale 2023 du Codep79 se tiendra cette ann\u00e9e le samedi 14 octobre 2023 \u00e0 17h Salle Robert Dalban \u00e0 Celles-sur-Belle Cette ann\u00e9e pour comm\u00e9morer les 40 ans de l&rsquo;existence du comit\u00e9 d\u00e9partemental de plong\u00e9e des Deux-S\u00e9vres, l&rsquo;AG sera suivie \u00e0 19h30 d&rsquo;un vin d&rsquo;honneur et d&rsquo;un diner* festif, \u00e0 l&rsquo;abbaye de Celles-sur-Belle. https:\/\/www.helloasso.com\/associations\/codep79-essm\/evenements\/ag-40-ans-soiree-festive Tarifs du diner festif : 12\u20ac jusqu&rsquo;\u00e0 13 ans et 25\u20ac \u00e0 partir de 14 ans. Vous retrouverez prochainement plus d&rsquo;informations sur cette page.<\/p>\n","protected":false},"author":9,"featured_media":127,"parent":0,"menu_order":0,"comment_status":"closed","ping_status":"closed","template":"","meta":{"footnotes":""},"class_list":["post-992","page","type-page","status-publish","has-post-thumbnail","hentry"],"_links":{"self":[{"href":"http:\/\/codep79-plongee.fr\/index.php\/wp-json\/wp\/v2\/pages\/992","targetHints":{"allow":["GET"]}}],"collection":[{"href":"http:\/\/codep79-plongee.fr\/index.php\/wp-json\/wp\/v2\/pages"}],"about":[{"href":"http:\/\/codep79-plongee.fr\/index.php\/wp-json\/wp\/v2\/types\/page"}],"author":[{"embeddable":true,"href":"http:\/\/codep79-plongee.fr\/index.php\/wp-json\/wp\/v2\/users\/9"}],"replies":[{"embeddable":true,"href":"http:\/\/codep79-plongee.fr\/index.php\/wp-json\/wp\/v2\/comments?post=992"}],"version-history":[{"count":16,"href":"http:\/\/codep79-plongee.fr\/index.php\/wp-json\/wp\/v2\/pages\/992\/revisions"}],"predecessor-version":[{"id":1075,"href":"http:\/\/codep79-plongee.fr\/index.php\/wp-json\/wp\/v2\/pages\/992\/revisions\/1075"}],"wp:featuredmedia":[{"embeddable":true,"href":"http:\/\/codep79-plongee.fr\/index.php\/wp-json\/wp\/v2\/media\/127"}],"wp:attachment":[{"href":"http:\/\/codep79-plongee.fr\/index.php\/wp-json\/wp\/v2\/media?parent=992"}],"curies":[{"name":"wp","href":"https:\/\/api.w.org\/{rel}","templated":true}]}}