{"id":1376,"date":"2025-02-28T14:20:14","date_gmt":"2025-02-28T13:20:14","guid":{"rendered":"https:\/\/codep79-plongee.fr\/?page_id=1376"},"modified":"2026-04-10T14:21:59","modified_gmt":"2026-04-10T12:21:59","slug":"documents-telechargeables","status":"publish","type":"page","link":"https:\/\/codep79-plongee.fr\/index.php\/lecodep79\/documents-telechargeables\/","title":{"rendered":"Documents t\u00e9l\u00e9chargeables."},"content":{"rendered":"\n<p><strong>Info pour 2025 (d\u00e9claration 2026)<\/strong> : apr\u00e8s recherche confirm\u00e9 par Pierre notre tr\u00e9sorier, le bar\u00e8me kilom\u00e9trique pour les frais 2025 reste inchang\u00e9.\u00a0 De ce fait le tableur \u00e0 votre disposition reste d\u2019actualit\u00e9. <\/p>\n\n\n\n<p>Ne tardez pas \u00e0 l\u2019envoyer \u00e0 Pierre <a href=\"mailto:tresorier@codep79-plongee.fr\">tresorier@codep79-plongee.fr<\/a> avec copie \u00e0 Nathalie <a href=\"mailto:president@codep79-plongee.fr\">president@codep79-plongee.fr<\/a><br><\/p>\n\n\n\n<p><strong>D\u00e9fiscalisation \/ Dons <\/strong>: le tableur du CoDep pour la d\u00e9fiscalisation \u00ab\u00a0don aux asso\u00a0\u00bb \u00ab\u00a0abandon de frais\u00a0\u00bb pour les frais engag\u00e9s comme b\u00e9n\u00e9vole est t\u00e9l\u00e9chargeable via les liens ci dessous.<\/p>\n\n\n\n<p>Ces tableurs comprennent plusieurs onglets qui correspondent au nombre de chevaux fiscaux de votre v\u00e9hicule thermique ou \u00e9lectrique.<\/p>\n\n\n\n<p><strong>Une fois rempli<\/strong>, exportez le en PDF, signez le, et envoyez le par mail <strong>au tr\u00e9sorier <\/strong>du CoDep <a href=\"mailto:tresorier@codep79-plongee.fr\">tresorier@codep79-plongee.fr<\/a> <strong>et \u00e0 la pr\u00e9sidente<\/strong> <a href=\"mailto:president@codep79-plongee.fr\">president@codep79-plongee.fr<\/a> pour validation. Le tr\u00e9sorier vous le renverra sign\u00e9, accompagn\u00e9 du CERFA fourni et rempli par ses soins.<\/p>\n\n\n\n<p><strong>NB:<\/strong> le bar\u00e9me pour les v\u00e9hicules thermiques 2024 reste inchang\u00e9 par rapport \u00e0 2023, la nouveaut\u00e9 un bar\u00e8me + 20% pour les v\u00e9hicules \u00e9lectriques voir tableurs diff\u00e9renci\u00e9s ci dessous.<\/p>\n\n\n\n<p><a href=\"http:\/\/codep79-plongee.fr\/wp-content\/uploads\/2025\/04\/Abandon-frais-2024-Codep-vehicule-thermique-MAJ-13-avril-2025.xlsx\">http:\/\/codep79-plongee.fr\/wp-content\/uploads\/2025\/04\/Abandon-frais-2024-Codep-vehicule-thermique-MAJ-13-avril-2025.xlsx<\/a><\/p>\n\n\n\n<p><a href=\"http:\/\/codep79-plongee.fr\/wp-content\/uploads\/2025\/04\/Abandon-frais-2024-Codep-vehicule-electrique-MAJ-13-avril-2025.xlsx\">http:\/\/codep79-plongee.fr\/wp-content\/uploads\/2025\/04\/Abandon-frais-2024-Codep-vehicule-electrique-MAJ-13-avril-2025.xlsx<\/a><\/p>\n\n\n\n<p><strong>NB :<\/strong> <strong>Le doc va logiquement directement dans votre dossier de  t\u00e9l\u00e9chargement sur Mac ou dans les dossiers \u00ab\u00a0zip\u00a0\u00bb sur PC<\/strong>, <strong>toutefois<\/strong>, <strong>si vous utilisez \u00ab\u00a0chrome\u00a0\u00bb il vous faudra faire un clic droit \u00ab\u00a0enregistrez le lien sous\u00a0\u00bb le fichier se t\u00e9l\u00e9charge bien mais avec un message d&rsquo;alerte<\/strong>. Si vous ne le retrouvez pas, allez dans \u00ab\u00a0rechercher fichier\u00a0\u00bb tapez le nom du fichier : <em>Abandon frais 2024 Codep vehicule thermique MAJ 13 avril 2025<\/em> <strong>ou<\/strong> <em>Abandon frais 2024 Codep vehicule electrique MAJ 13 avril 2025<\/em><\/p>\n\n\n\n<p><\/p>\n\n\n\n<p>Ci dessous des liens qui vous permettront de connaitre vos droits , de trouver les nouveaux bar\u00e8mes .<\/p>\n\n\n\n<p> <a href=\"https:\/\/www.service-public.fr\/particuliers\/vosdroits\/F1132\">https:\/\/www.service-public.fr\/particuliers\/vosdroits\/F1132<\/a><\/p>\n\n\n\n<p><a href=\"https:\/\/www.economie.gouv.fr\/particuliers\/prelevement-a-la-source-reductions-fiscales-dons-associations\">https:\/\/www.service-public.fr\/particuliers\/vosdroits\/F426<\/a><\/p>\n\n\n\n<p> <a href=\"https:\/\/www.economie.gouv.fr\/particuliers\/prelevement-a-la-source-reductions-fiscales-dons-associations\">https:\/\/www.economie.gouv.fr\/particuliers\/prelevement-a-la-source-reductions-fiscales-dons-associations<\/a><\/p>\n\n\n\n<p><a href=\"https:\/\/www.service-public.fr\/particuliers\/actualites\/A16343\">https:\/\/www.service-public.fr\/particuliers\/actualites\/A16343<\/a> <\/p>\n\n\n\n<p>Ce tableur est \u00e0 l&rsquo;ent\u00eate du CoDep 79, si vous souhaitez l&rsquo;utiliser pour vos actions dans votre club, il suffira de la changer.<\/p>\n\n\n\n<p>Si toutefois vous avez des doutes vous pouvez toujours vous renseigner directement aupr\u00e8s de l&rsquo;administration fiscale <\/p>\n\n\n\n<p>Pour savoir ce que vous pouvez ou pas d\u00e9fiscaliser voici le lien vers une fiche guide \u00e9dit\u00e9e par la FFESSM .<a href=\"https:\/\/carrefourdesbenevoles.ffessm.fr\/uploads\/media\/docs\/0001\/11\/ab2962fe39c64a89e926de7be4e6b7aca391d99b.pdf\">https:\/\/carrefourdesbenevoles.ffessm.fr\/uploads\/media\/docs\/0001\/11\/ab2962fe39c64a89e926de7be4e6b7aca391d99b.pdf<\/a><\/p>\n\n\n\n<p class=\"has-small-font-size\"><em>modifi\u00e9e le 13 avril 2025.<\/em><\/p>\n\n\n\n<p><\/p>\n","protected":false},"excerpt":{"rendered":"<p>Info pour 2025 (d\u00e9claration 2026) : apr\u00e8s recherche confirm\u00e9 par Pierre notre tr\u00e9sorier, le bar\u00e8me kilom\u00e9trique pour les frais 2025 reste inchang\u00e9.\u00a0 De ce fait le tableur \u00e0 votre disposition reste d\u2019actualit\u00e9. Ne tardez pas \u00e0 l\u2019envoyer \u00e0 Pierre tresorier@codep79-plongee.fr avec copie \u00e0 Nathalie president@codep79-plongee.fr D\u00e9fiscalisation \/ Dons : le tableur du CoDep pour la d\u00e9fiscalisation \u00ab\u00a0don aux asso\u00a0\u00bb \u00ab\u00a0abandon de frais\u00a0\u00bb pour les frais engag\u00e9s comme b\u00e9n\u00e9vole est t\u00e9l\u00e9chargeable via les liens ci dessous. Ces tableurs comprennent plusieurs onglets qui correspondent au nombre de chevaux fiscaux de votre v\u00e9hicule thermique ou \u00e9lectrique. Une fois rempli, exportez le en PDF, signez le, et envoyez le par mail au tr\u00e9sorier du CoDep tresorier@codep79-plongee.fr et \u00e0 la pr\u00e9sidente president@codep79-plongee.fr pour validation. Le tr\u00e9sorier vous le renverra sign\u00e9, accompagn\u00e9 du CERFA fourni et rempli par ses soins. NB: le bar\u00e9me pour les v\u00e9hicules thermiques 2024 reste inchang\u00e9 par rapport \u00e0 2023, la nouveaut\u00e9 un bar\u00e8me + 20% pour les v\u00e9hicules \u00e9lectriques voir tableurs diff\u00e9renci\u00e9s ci dessous. http:\/\/codep79-plongee.fr\/wp-content\/uploads\/2025\/04\/Abandon-frais-2024-Codep-vehicule-thermique-MAJ-13-avril-2025.xlsx http:\/\/codep79-plongee.fr\/wp-content\/uploads\/2025\/04\/Abandon-frais-2024-Codep-vehicule-electrique-MAJ-13-avril-2025.xlsx NB : Le doc va logiquement directement dans votre dossier de t\u00e9l\u00e9chargement sur Mac ou dans les dossiers \u00ab\u00a0zip\u00a0\u00bb sur PC, toutefois, si vous utilisez \u00ab\u00a0chrome\u00a0\u00bb il vous faudra faire un clic droit \u00ab\u00a0enregistrez le lien sous\u00a0\u00bb le fichier se t\u00e9l\u00e9charge bien mais avec un message d&rsquo;alerte. Si vous ne le retrouvez pas, allez dans \u00ab\u00a0rechercher fichier\u00a0\u00bb tapez le nom du fichier : Abandon frais 2024 Codep vehicule thermique MAJ 13 avril 2025 ou Abandon frais 2024 Codep vehicule electrique MAJ 13 avril 2025 Ci dessous des liens qui vous permettront de connaitre vos droits , de trouver les nouveaux bar\u00e8mes . https:\/\/www.service-public.fr\/particuliers\/vosdroits\/F1132 https:\/\/www.service-public.fr\/particuliers\/vosdroits\/F426 https:\/\/www.economie.gouv.fr\/particuliers\/prelevement-a-la-source-reductions-fiscales-dons-associations https:\/\/www.service-public.fr\/particuliers\/actualites\/A16343 Ce tableur est \u00e0 l&rsquo;ent\u00eate du CoDep 79, si vous souhaitez l&rsquo;utiliser pour vos actions dans votre club, il suffira de la changer. Si toutefois vous avez des doutes vous pouvez toujours vous renseigner directement aupr\u00e8s de l&rsquo;administration fiscale Pour savoir ce que vous pouvez ou pas d\u00e9fiscaliser voici le lien vers une fiche guide \u00e9dit\u00e9e par la FFESSM .https:\/\/carrefourdesbenevoles.ffessm.fr\/uploads\/media\/docs\/0001\/11\/ab2962fe39c64a89e926de7be4e6b7aca391d99b.pdf modifi\u00e9e le 13 avril 2025.<\/p>\n","protected":false},"author":9,"featured_media":127,"parent":12,"menu_order":0,"comment_status":"closed","ping_status":"closed","template":"","meta":{"footnotes":""},"class_list":["post-1376","page","type-page","status-publish","has-post-thumbnail","hentry"],"_links":{"self":[{"href":"https:\/\/codep79-plongee.fr\/index.php\/wp-json\/wp\/v2\/pages\/1376","targetHints":{"allow":["GET"]}}],"collection":[{"href":"https:\/\/codep79-plongee.fr\/index.php\/wp-json\/wp\/v2\/pages"}],"about":[{"href":"https:\/\/codep79-plongee.fr\/index.php\/wp-json\/wp\/v2\/types\/page"}],"author":[{"embeddable":true,"href":"https:\/\/codep79-plongee.fr\/index.php\/wp-json\/wp\/v2\/users\/9"}],"replies":[{"embeddable":true,"href":"https:\/\/codep79-plongee.fr\/index.php\/wp-json\/wp\/v2\/comments?post=1376"}],"version-history":[{"count":51,"href":"https:\/\/codep79-plongee.fr\/index.php\/wp-json\/wp\/v2\/pages\/1376\/revisions"}],"predecessor-version":[{"id":1635,"href":"https:\/\/codep79-plongee.fr\/index.php\/wp-json\/wp\/v2\/pages\/1376\/revisions\/1635"}],"up":[{"embeddable":true,"href":"https:\/\/codep79-plongee.fr\/index.php\/wp-json\/wp\/v2\/pages\/12"}],"wp:featuredmedia":[{"embeddable":true,"href":"https:\/\/codep79-plongee.fr\/index.php\/wp-json\/wp\/v2\/media\/127"}],"wp:attachment":[{"href":"https:\/\/codep79-plongee.fr\/index.php\/wp-json\/wp\/v2\/media?parent=1376"}],"curies":[{"name":"wp","href":"https:\/\/api.w.org\/{rel}","templated":true}]}}