{"id":685,"date":"2021-11-10T14:12:26","date_gmt":"2021-11-10T13:12:26","guid":{"rendered":"http:\/\/codep79-plongee.fr\/?page_id=685"},"modified":"2025-10-18T11:47:00","modified_gmt":"2025-10-18T09:47:00","slug":"contacts","status":"publish","type":"page","link":"https:\/\/codep79-plongee.fr\/index.php\/contacts\/","title":{"rendered":"Contacts"},"content":{"rendered":"\n<p class=\"has-text-align-center\">Ci-dessous l&rsquo;ensemble des contacts pour les diff\u00e9rentes intervenants du Codep 79<\/p>\n\n\n\n<p><\/p>\n\n\n\n<p><\/p>\n\n\n\n<p><\/p>\n\n\n\n<figure class=\"wp-block-table aligncenter is-style-stripes\"><table><tbody><tr><td>Pr\u00e9sidence du Codep 79<br>Pr\u00e9sidente et Pr\u00e9sidente Adjointe<\/td><td> president@codep79-plongee.fr<\/td><td>Nathalie, Isabelle<\/td><\/tr><tr><td>Secr\u00e9taire du Codep 79<br>Secr\u00e9taire et Secr\u00e9taire Adjointe<\/td><td> secretaire@codep79-plongee.fr<\/td><td> H\u00e9l\u00e8ne<\/td><\/tr><tr><td>Tr\u00e9sorier du Codep 79<br><\/td><td> tresorier@codep79-plongee.fr<\/td><td>Pierre <\/td><\/tr><tr><td>Tr\u00e9sorier adjoint<\/td><td>tresorier-adjoint@codep79-plongee.fr<\/td><td>Christophe<\/td><\/tr><tr><td>Commission Technique du Codep 79<br><\/td><td> comtech@codep79-plongee.fr<\/td><td>Juan <\/td><\/tr><tr><td><br>R\u00e9f\u00e9rent TIV<\/td><td>comtech.tiv@codep79-plongee.fr<\/td><td>Alain<\/td><\/tr><tr><td><br>R\u00e9f\u00e9rent Secourisme<\/td><td>comtech.secourisme@codep79-plongee.fr<\/td><td>Jean-Fran\u00e7ois<\/td><\/tr><tr><td>Correspondant St Lin<\/td><td>correspondant-stlin@codep79-plongee.fr<\/td><td><\/td><\/tr><tr><td>HandiSub<\/td><td>commission.handisub@codep79-plongee.fr<\/td><td>Philippe<\/td><\/tr><tr><td>Commission Environnement &amp; Biologie subaquatique<\/td><td>commission.env-et-bio@codep79-plongee.fr<\/td><td>Sylvie<\/td><\/tr><tr><td>Commission Apn\u00e9e Plong\u00e9e Libre<\/td><td>commission.plongee-libre@codep79-plongee.fr<\/td><td>Fr\u00e9d\u00e9ric<\/td><\/tr><tr><td>Commission Photo Vid\u00e9o<\/td><td>commission.photo-video@codep79-plongee.fr<\/td><td>Olivier<\/td><\/tr><\/tbody><\/table><\/figure>\n","protected":false},"excerpt":{"rendered":"<p>Ci-dessous l&rsquo;ensemble des contacts pour les diff\u00e9rentes intervenants du Codep 79 Pr\u00e9sidence du Codep 79Pr\u00e9sidente et Pr\u00e9sidente Adjointe president@codep79-plongee.fr Nathalie, Isabelle Secr\u00e9taire du Codep 79Secr\u00e9taire et Secr\u00e9taire Adjointe secretaire@codep79-plongee.fr H\u00e9l\u00e8ne Tr\u00e9sorier du Codep 79 tresorier@codep79-plongee.fr Pierre Tr\u00e9sorier adjoint tresorier-adjoint@codep79-plongee.fr Christophe Commission Technique du Codep 79 comtech@codep79-plongee.fr Juan R\u00e9f\u00e9rent TIV comtech.tiv@codep79-plongee.fr Alain R\u00e9f\u00e9rent Secourisme comtech.secourisme@codep79-plongee.fr Jean-Fran\u00e7ois Correspondant St Lin correspondant-stlin@codep79-plongee.fr HandiSub commission.handisub@codep79-plongee.fr Philippe Commission Environnement &amp; Biologie subaquatique commission.env-et-bio@codep79-plongee.fr Sylvie Commission Apn\u00e9e Plong\u00e9e Libre commission.plongee-libre@codep79-plongee.fr Fr\u00e9d\u00e9ric Commission Photo Vid\u00e9o commission.photo-video@codep79-plongee.fr Olivier<\/p>\n","protected":false},"author":1,"featured_media":0,"parent":0,"menu_order":0,"comment_status":"closed","ping_status":"closed","template":"","meta":{"footnotes":""},"class_list":["post-685","page","type-page","status-publish","hentry"],"_links":{"self":[{"href":"https:\/\/codep79-plongee.fr\/index.php\/wp-json\/wp\/v2\/pages\/685","targetHints":{"allow":["GET"]}}],"collection":[{"href":"https:\/\/codep79-plongee.fr\/index.php\/wp-json\/wp\/v2\/pages"}],"about":[{"href":"https:\/\/codep79-plongee.fr\/index.php\/wp-json\/wp\/v2\/types\/page"}],"author":[{"embeddable":true,"href":"https:\/\/codep79-plongee.fr\/index.php\/wp-json\/wp\/v2\/users\/1"}],"replies":[{"embeddable":true,"href":"https:\/\/codep79-plongee.fr\/index.php\/wp-json\/wp\/v2\/comments?post=685"}],"version-history":[{"count":12,"href":"https:\/\/codep79-plongee.fr\/index.php\/wp-json\/wp\/v2\/pages\/685\/revisions"}],"predecessor-version":[{"id":1576,"href":"https:\/\/codep79-plongee.fr\/index.php\/wp-json\/wp\/v2\/pages\/685\/revisions\/1576"}],"wp:attachment":[{"href":"https:\/\/codep79-plongee.fr\/index.php\/wp-json\/wp\/v2\/media?parent=685"}],"curies":[{"name":"wp","href":"https:\/\/api.w.org\/{rel}","templated":true}]}}