{"id":76,"date":"2020-02-15T17:34:53","date_gmt":"2020-02-15T16:34:53","guid":{"rendered":"http:\/\/codep79-plongee.fr\/?page_id=76"},"modified":"2025-01-14T10:52:41","modified_gmt":"2025-01-14T09:52:41","slug":"photo-video-sous-marine","status":"publish","type":"page","link":"https:\/\/codep79-plongee.fr\/index.php\/photo-video-sous-marine\/","title":{"rendered":"Commission Photo-Vid\u00e9o Sous-Marine"},"content":{"rendered":"<div class=\"wp-block-image\">\n<figure class=\"aligncenter size-large\"><img loading=\"lazy\" decoding=\"async\" width=\"321\" height=\"320\" src=\"http:\/\/codep79-plongee.fr\/wp-content\/uploads\/2020\/02\/CPVSM_Logo.png\" alt=\"\" class=\"wp-image-157\" srcset=\"https:\/\/codep79-plongee.fr\/wp-content\/uploads\/2020\/02\/CPVSM_Logo.png 321w, https:\/\/codep79-plongee.fr\/wp-content\/uploads\/2020\/02\/CPVSM_Logo-300x300.png 300w, https:\/\/codep79-plongee.fr\/wp-content\/uploads\/2020\/02\/CPVSM_Logo-150x150.png 150w, https:\/\/codep79-plongee.fr\/wp-content\/uploads\/2020\/02\/CPVSM_Logo-75x75.png 75w\" sizes=\"auto, (max-width: 321px) 100vw, 321px\" \/><\/figure><\/div>\n\n\n<p class=\"has-text-align-center\"><strong>Au del\u00e0 du plaisir de la technique et de l&rsquo;exploration !<\/strong><\/p>\n\n\n<div class=\"wp-block-image is-style-default\">\n<figure class=\"aligncenter size-full is-resized\"><img loading=\"lazy\" decoding=\"async\" width=\"507\" height=\"350\" src=\"http:\/\/codep79-plongee.fr\/wp-content\/uploads\/2020\/08\/codep79-pv-presentation1.jpg\" alt=\"Codep 79 - Commission Photo Vid\u00e9o sous marine\" class=\"wp-image-318\" style=\"width:507px;height:350px\" srcset=\"https:\/\/codep79-plongee.fr\/wp-content\/uploads\/2020\/08\/codep79-pv-presentation1.jpg 507w, https:\/\/codep79-plongee.fr\/wp-content\/uploads\/2020\/08\/codep79-pv-presentation1-300x207.jpg 300w\" sizes=\"auto, (max-width: 507px) 100vw, 507px\" \/><figcaption class=\"wp-element-caption\">Codep 79 &#8211; Commission Photo Vid\u00e9o sous marine<\/figcaption><\/figure><\/div>\n\n<div class=\"wp-block-image\">\n<figure class=\"aligncenter size-full is-resized\"><img loading=\"lazy\" decoding=\"async\" width=\"2560\" height=\"2162\" src=\"http:\/\/codep79-plongee.fr\/wp-content\/uploads\/2020\/08\/codep79-pv-presentation2-scaled.jpg\" alt=\"Codep 79 - Commission Photo Vid\u00e9o sous marine\" class=\"wp-image-317\" style=\"width:526px;height:445px\" srcset=\"https:\/\/codep79-plongee.fr\/wp-content\/uploads\/2020\/08\/codep79-pv-presentation2-scaled.jpg 2560w, https:\/\/codep79-plongee.fr\/wp-content\/uploads\/2020\/08\/codep79-pv-presentation2-300x253.jpg 300w, https:\/\/codep79-plongee.fr\/wp-content\/uploads\/2020\/08\/codep79-pv-presentation2-1024x865.jpg 1024w, https:\/\/codep79-plongee.fr\/wp-content\/uploads\/2020\/08\/codep79-pv-presentation2-768x649.jpg 768w, https:\/\/codep79-plongee.fr\/wp-content\/uploads\/2020\/08\/codep79-pv-presentation2-1536x1297.jpg 1536w, https:\/\/codep79-plongee.fr\/wp-content\/uploads\/2020\/08\/codep79-pv-presentation2-2048x1730.jpg 2048w, https:\/\/codep79-plongee.fr\/wp-content\/uploads\/2020\/08\/codep79-pv-presentation2-1140x963.jpg 1140w\" sizes=\"auto, (max-width: 2560px) 100vw, 2560px\" \/><figcaption class=\"wp-element-caption\">Codep 79 &#8211; Commission Photo Vid\u00e9o sous marine<\/figcaption><\/figure><\/div>\n\n\n<p class=\"has-text-align-center\">Il y a le plaisir des yeux : La photo et la vid\u00e9o subaquatique nous permettent de prolonger et partager notre passion.<\/p>\n\n\n\n<p class=\"has-text-align-center\">Si vous souhaitez apprendre, partager et \u00e9changer,<br>Venez nous rejoindre au sein de la commission Photo-Video du CoDep 79.<\/p>\n\n\n<div class=\"wp-block-image\">\n<figure class=\"aligncenter size-full is-resized\"><img loading=\"lazy\" decoding=\"async\" width=\"2073\" height=\"2560\" src=\"http:\/\/codep79-plongee.fr\/wp-content\/uploads\/2020\/08\/codep79-pv-presentation3-scaled.jpg\" alt=\"Codep 79 - Commission Photo Vid\u00e9o sous marine\" class=\"wp-image-316\" style=\"width:518px;height:640px\" srcset=\"https:\/\/codep79-plongee.fr\/wp-content\/uploads\/2020\/08\/codep79-pv-presentation3-scaled.jpg 2073w, https:\/\/codep79-plongee.fr\/wp-content\/uploads\/2020\/08\/codep79-pv-presentation3-243x300.jpg 243w, https:\/\/codep79-plongee.fr\/wp-content\/uploads\/2020\/08\/codep79-pv-presentation3-829x1024.jpg 829w, https:\/\/codep79-plongee.fr\/wp-content\/uploads\/2020\/08\/codep79-pv-presentation3-768x948.jpg 768w, https:\/\/codep79-plongee.fr\/wp-content\/uploads\/2020\/08\/codep79-pv-presentation3-1244x1536.jpg 1244w, https:\/\/codep79-plongee.fr\/wp-content\/uploads\/2020\/08\/codep79-pv-presentation3-1659x2048.jpg 1659w, https:\/\/codep79-plongee.fr\/wp-content\/uploads\/2020\/08\/codep79-pv-presentation3-1140x1408.jpg 1140w\" sizes=\"auto, (max-width: 2073px) 100vw, 2073px\" \/><figcaption class=\"wp-element-caption\">Codep 79 &#8211; Commission Photo Vid\u00e9o sous marine<\/figcaption><\/figure><\/div>\n\n\n<p class=\"has-text-align-center has-medium-font-size\"><strong>Le programme 202<\/strong>4<strong>-2025<\/strong><\/p>\n\n\n\n<p>Question en cours de pr\u00e9paration.<\/p>\n\n\n\n<hr class=\"wp-block-separator has-alpha-channel-opacity\"\/>\n\n\n\n<p class=\"has-text-align-center has-medium-font-size\"><strong>Le programme 2023-2024<\/strong><\/p>\n\n\n\n<p>Le questionnaire n&rsquo;ayant retourn\u00e9 aucun besoin de formation pour la saison, la commission est en veille et organisera une cessions de \u00ab\u00a0Pass Animateur\u00a0\u00bb en fin de saison.<\/p>\n\n\n\n<hr class=\"wp-block-separator has-alpha-channel-opacity\"\/>\n\n\n\n<p class=\"has-text-align-center has-medium-font-size\"><strong>Le programme 2022-2023<\/strong><\/p>\n\n\n\n<ul class=\"wp-block-list\">\n<li>Questionnaire en cours de diffusion aupr\u00e8s des pr\u00e9sidents de club pour proposer le programme de la saison 2022 &#8211; 2023.<\/li>\n<\/ul>\n\n\n\n<p class=\"has-text-align-center has-medium-font-size\"><strong>Formations disponibles<\/strong><\/p>\n\n\n\n<ul class=\"wp-block-list\">\n<li>Photo Niveau 1 (d\u00e9butants)<\/li>\n\n\n\n<li>Photo Niveau 2 (Niveau 1 valid\u00e9s)<\/li>\n\n\n\n<li>Vid\u00e9o Niveau 1 (d\u00e9butants)<\/li>\n\n\n\n<li>Vid\u00e9o Niveau 2 (Niveau 2 valid\u00e9s)<\/li>\n\n\n\n<li>Les niveaux 3 et les formations de formateurs sont disponibles uniquement au sein de la commission national sur un stage d&rsquo;une semaine (un stage organis\u00e9 par saison).<\/li>\n<\/ul>\n\n\n\n<hr class=\"wp-block-separator has-css-opacity\"\/>\n\n\n\n<p class=\"has-text-align-center\"><strong>Conditions d\u2019acc\u00e8s aux formations en 2022<\/strong><\/p>\n\n\n\n<ul class=\"wp-block-list\">\n<li>  Les lieux des formations sont en cours de r\u00e9servation, nous vous tiendront inform\u00e9s en cas de changement. <\/li>\n\n\n\n<li> Vos formateurs se r\u00e9servent le droit de modifier d\u2019\u00e9ventuelles dates et lieux en fonction de leurs imp\u00e9ratifs personnels et familiaux. <\/li>\n<\/ul>\n\n\n\n<p class=\"has-text-align-center has-medium-font-size\"><strong>Vos formateurs<\/strong><\/p>\n\n\n\n<ul class=\"wp-block-list\">\n<li> Olivier CLUZEAU, <strong>Formateur vid\u00e9o<\/strong> (FV1) olivier.cluzeau@gmail.com<\/li>\n\n\n\n<li> Denis LARVOIRE, <strong>Formateur photo<\/strong> (FP2) denis.larvoire@wanadoo.fr <\/li>\n\n\n\n<li> Isabelle LARVOIRE, <strong>Formatrice vid\u00e9o (FV3) &#8211; Instructrice National Vid\u00e9o(INV)<\/strong> isabelle.larvoire@orange.fr <\/li>\n<\/ul>\n","protected":false},"excerpt":{"rendered":"<p>Au del\u00e0 du plaisir de la technique et de l&rsquo;exploration ! Il y a le plaisir des yeux : La photo et la vid\u00e9o subaquatique nous permettent de prolonger et partager notre passion. Si vous souhaitez apprendre, partager et \u00e9changer,Venez nous rejoindre au sein de la commission Photo-Video du CoDep 79. Le programme 2024-2025 Question en cours de pr\u00e9paration. Le programme 2023-2024 Le questionnaire n&rsquo;ayant retourn\u00e9 aucun besoin de formation pour la saison, la commission est en veille et organisera une cessions de \u00ab\u00a0Pass Animateur\u00a0\u00bb en fin de saison. Le programme 2022-2023 Formations disponibles Conditions d\u2019acc\u00e8s aux formations en 2022 Vos formateurs<\/p>\n","protected":false},"author":1,"featured_media":0,"parent":0,"menu_order":0,"comment_status":"closed","ping_status":"closed","template":"","meta":{"footnotes":""},"class_list":["post-76","page","type-page","status-publish","hentry"],"_links":{"self":[{"href":"https:\/\/codep79-plongee.fr\/index.php\/wp-json\/wp\/v2\/pages\/76","targetHints":{"allow":["GET"]}}],"collection":[{"href":"https:\/\/codep79-plongee.fr\/index.php\/wp-json\/wp\/v2\/pages"}],"about":[{"href":"https:\/\/codep79-plongee.fr\/index.php\/wp-json\/wp\/v2\/types\/page"}],"author":[{"embeddable":true,"href":"https:\/\/codep79-plongee.fr\/index.php\/wp-json\/wp\/v2\/users\/1"}],"replies":[{"embeddable":true,"href":"https:\/\/codep79-plongee.fr\/index.php\/wp-json\/wp\/v2\/comments?post=76"}],"version-history":[{"count":24,"href":"https:\/\/codep79-plongee.fr\/index.php\/wp-json\/wp\/v2\/pages\/76\/revisions"}],"predecessor-version":[{"id":1311,"href":"https:\/\/codep79-plongee.fr\/index.php\/wp-json\/wp\/v2\/pages\/76\/revisions\/1311"}],"wp:attachment":[{"href":"https:\/\/codep79-plongee.fr\/index.php\/wp-json\/wp\/v2\/media?parent=76"}],"curies":[{"name":"wp","href":"https:\/\/api.w.org\/{rel}","templated":true}]}}