{"id":78,"date":"2020-02-15T17:35:52","date_gmt":"2020-02-15T16:35:52","guid":{"rendered":"http:\/\/codep79-plongee.fr\/?page_id=78"},"modified":"2020-08-21T19:54:50","modified_gmt":"2020-08-21T17:54:50","slug":"commission-biologie","status":"publish","type":"page","link":"https:\/\/codep79-plongee.fr\/index.php\/commission-biologie\/","title":{"rendered":"Commission Environnement &#038; Biologie Subaquatique"},"content":{"rendered":"\n<p><\/p>\n\n\n\n<div class=\"wp-block-image\"><figure class=\"aligncenter size-large\"><img loading=\"lazy\" decoding=\"async\" width=\"722\" height=\"171\" src=\"http:\/\/codep79-plongee.fr\/wp-content\/uploads\/2020\/08\/codep79-bio-illustration-acc01.png\" alt=\"Codep 79 - Commission Environnement et Biologie\" class=\"wp-image-314\" srcset=\"https:\/\/codep79-plongee.fr\/wp-content\/uploads\/2020\/08\/codep79-bio-illustration-acc01.png 722w, https:\/\/codep79-plongee.fr\/wp-content\/uploads\/2020\/08\/codep79-bio-illustration-acc01-300x71.png 300w\" sizes=\"auto, (max-width: 722px) 100vw, 722px\" \/><figcaption>Codep 79 &#8211; Commission Environnement et Biologie<\/figcaption><\/figure><\/div>\n\n\n\n<p>Bienvenue sur la page de la Commission D\u00e9partementale <strong>Environnement &amp; Biologie Subaquatique<\/strong> des Deux S\u00e8vres.&nbsp;<\/p>\n\n\n\n<p>Vous trouverez ici toutes les informations de la CDEBS 79, les formations propos\u00e9es, les stages, les diverses sorties (visite aquarium, visite estran, plong\u00e9es,\u2026) et les soir\u00e9es \u00e0 th\u00e8me.&nbsp;<\/p>\n\n\n\n<div class=\"wp-block-image\"><figure class=\"aligncenter size-large\"><img loading=\"lazy\" decoding=\"async\" width=\"720\" height=\"170\" src=\"http:\/\/codep79-plongee.fr\/wp-content\/uploads\/2020\/08\/codep79-bio-illustration-acc02.png\" alt=\"Codep 79 - Commission Environnement et Biologie\" class=\"wp-image-313\" srcset=\"https:\/\/codep79-plongee.fr\/wp-content\/uploads\/2020\/08\/codep79-bio-illustration-acc02.png 720w, https:\/\/codep79-plongee.fr\/wp-content\/uploads\/2020\/08\/codep79-bio-illustration-acc02-300x71.png 300w\" sizes=\"auto, (max-width: 720px) 100vw, 720px\" \/><figcaption>Codep 79 &#8211; Commission Environnement et Biologie<\/figcaption><\/figure><\/div>\n\n\n\n<p class=\"has-text-align-center\"><strong><em><span class=\"has-inline-color has-vivid-red-color\">VOIR, COMPRENDRE, AIMER, RESPECTER, PROTEGER<\/span><\/em><\/strong><\/p>\n\n\n\n<p class=\"has-text-align-center\"><strong><em><span class=\"has-inline-color has-vivid-red-color\">C\u2019est cela la plong\u00e9e \u00ab\u00a0BIO\u00a0\u00bb\u2026<\/span><\/em><\/strong><\/p>\n\n\n\n<p class=\"has-text-align-center\"><strong><em><span class=\"has-inline-color has-vivid-red-color\">Avec notre commission, ouvrez grand les yeux, d\u00e9couvrez cette richesse de vie, et devenez des plongeuses et des plongeurs responsables.<\/span><\/em><\/strong><\/p>\n\n\n\n<p class=\"has-text-align-center\"><strong><em><span class=\"has-inline-color has-vivid-red-color\">Se faire plaisir en d\u00e9couvrant, en partageant, en admirant\u2026 et en prot\u00e9geant.<\/span><\/em><\/strong><\/p>\n\n\n\n<p><strong>Au fait, c\u2019est quoi la \u00ab&nbsp;BIO&nbsp;\u00bb en plong\u00e9e&nbsp;???<\/strong><\/p>\n\n\n\n<p>Si le mot \u00ab&nbsp;Bio&nbsp;\u00bb vous fait peur, ou vous rappelle des souvenirs d\u00e9sagr\u00e9ables de vos jeunes ann\u00e9es sur les bancs de l\u2019\u00e9cole, alors pas de panique, la plong\u00e9e Bio c\u2019est autre chose, c\u2019est de la d\u00e9couverte, de la connaissance, et du partage&nbsp;!<\/p>\n\n\n\n<p>Notre commission se d\u00e9nomme \u00ab&nbsp;Environnement et Biologie Subaquatique&nbsp;\u00bb et de ce fait notre r\u00f4le est \u00e9galement de sensibiliser tous les plongeurs au respect du milieu aquatique.<\/p>\n\n\n\n<p>Et pour nous rejoindre, nul besoin d\u2019\u00eatre scientifique, ni de maitriser le latin&nbsp;! Il faut seulement \u00eatre passionn\u00e9, curieux, observateur et accro au partage.<\/p>\n\n\n\n<p><strong>Mais pourquoi former les plongeurs \u00e0 la \u00ab&nbsp;Bio&nbsp;\u00bb&nbsp;:<\/strong><\/p>\n\n\n\n<p>Pour comprendre le monde subaquatique, sa biodiversit\u00e9 si riche, afin de la respecter et la faire respecter, il nous faut sensibiliser, initier puis former le maximum de plongeuses et de plongeurs<\/p>\n\n\n\n<p>De plus, cette \u00e9ducation du regard, cet apprentissage pour enfin VOIR, permet d\u2019enrichir les plong\u00e9es. Les plongeurs ne peuvent alors que prendre conscience de la fragilit\u00e9 de cet environnement et devenir acteur de sa sauvegarde.<\/p>\n\n\n\n<p><strong>Et quelles sont les formations au Codep 79&nbsp;?<\/strong><\/p>\n\n\n\n<p>Chaque club du d\u00e9partement se doit, dans les formations techniques, d\u2019initier les plongeurs \u00e0 la comp\u00e9tence \u00ab&nbsp;Connaissance et Respect de l\u2019environnement Subaquatique&nbsp;\u00bb.<\/p>\n\n\n\n<p>Notre commission propose les formations dipl\u00f4mantes de Plongeur Bio 1 et Plongeur Bio 2. L\u2019accompagnement des Formateurs Bio 1 est \u00e9galement possible et indispensable pour enrichir le nombre de cadre.<\/p>\n\n\n\n<p>Ces formations permettent de d\u00e9livrer un contenu de connaissance lors des formations th\u00e9oriques puis de les mettre en pratique lors du stage de plong\u00e9e ou seront valid\u00e9s les diff\u00e9rents niveaux. Des sorties (estran, aquarium\u2026) participe \u00e9galement \u00e0 enrichir les formations.<\/p>\n\n\n\n<p>La commission cherche \u00e9galement \u00e0 sensibiliser et \u00e0 diffuser des informations lors de soir\u00e9e \u00e0 th\u00e8me ouverte \u00e0 tous les plongeurs du d\u00e9partement.<\/p>\n\n\n\n<p class=\"has-text-align-left\"><strong>Retrouvez les documents officiels du site FFESSM ci-dessous :<\/strong><\/p>\n\n\n\n<ul class=\"wp-block-list\"><li><strong><a rel=\"noreferrer noopener\" href=\"http:\/\/biologie.ffessm.fr\/images\/doc_cnebs\/Manuel%20du%20dirigeant-V4.3-2016.pdf\" target=\"_blank\">Guide du responsable de commission et du formateur en biologie subaquatique<\/a><\/strong><\/li><li><strong><a rel=\"noreferrer noopener\" href=\"http:\/\/biologie.ffessm.fr\/images\/doc_cnebs\/N1.pdf\" target=\"_blank\">Support p\u00e9dagogique Niveau 1 Bio<\/a><\/strong><\/li><li><strong><a rel=\"noreferrer noopener\" href=\"http:\/\/biologie.ffessm.fr\/images\/doc_cnebs\/guide_de_palanquee-Version1.7.pdf\" target=\"_blank\">Manuel \u00e0 l\u2019usage du guide de palanqu\u00e9<\/a><\/strong>&nbsp;<\/li><li><strong><a rel=\"noreferrer noopener\" href=\"http:\/\/biologie.ffessm.fr\/images\/doc_cnebs\/expose.pdf\" target=\"_blank\">Guide pratique sur la pr\u00e9paration et la pr\u00e9sentation d\u2019un expos\u00e9<\/a><\/strong>&nbsp;<\/li><li><strong><a rel=\"noreferrer noopener\" href=\"http:\/\/biologie.ffessm.fr\/images\/doc_cnebs\/expose.pdf\" target=\"_blank\">Guide pratique sur l\u2019organisation d\u2019un stage Bio<\/a><\/strong>&nbsp;<\/li><li><strong><a rel=\"noreferrer noopener\" href=\"http:\/\/biologie.ffessm.fr\/images\/doc_cnebs\/arbre_complet_V4.pdf\" target=\"_blank\">Arbre complet de filiation de la vie subaquatique<\/a><\/strong>&nbsp;<\/li><li><strong><a rel=\"noreferrer noopener\" href=\"http:\/\/biologie.ffessm.fr\/images\/doc_cnebs\/cle_determination_v3.pdf\" target=\"_blank\">Cl\u00e9 de d\u00e9termination des diff\u00e9rents groupes<\/a><\/strong><\/li><\/ul>\n\n\n\n<p><\/p>\n\n\n\n<div class=\"wp-block-image\"><figure class=\"aligncenter size-large\"><a href=\"https:\/\/doris.ffessm.fr\/\"><img loading=\"lazy\" decoding=\"async\" width=\"400\" height=\"124\" src=\"http:\/\/codep79-plongee.fr\/wp-content\/uploads\/2020\/02\/Bio-Doris.png\" alt=\"\" class=\"wp-image-101\" srcset=\"https:\/\/codep79-plongee.fr\/wp-content\/uploads\/2020\/02\/Bio-Doris.png 400w, https:\/\/codep79-plongee.fr\/wp-content\/uploads\/2020\/02\/Bio-Doris-300x93.png 300w\" sizes=\"auto, (max-width: 400px) 100vw, 400px\" \/><\/a><\/figure><\/div>\n\n\n\n<div class=\"wp-block-image\"><figure class=\"aligncenter size-large\"><a href=\"https:\/\/www.longitude181.org\/\"><img loading=\"lazy\" decoding=\"async\" width=\"719\" height=\"81\" src=\"http:\/\/codep79-plongee.fr\/wp-content\/uploads\/2020\/02\/Bio-Longitude181.png\" alt=\"\" class=\"wp-image-102\" srcset=\"https:\/\/codep79-plongee.fr\/wp-content\/uploads\/2020\/02\/Bio-Longitude181.png 719w, https:\/\/codep79-plongee.fr\/wp-content\/uploads\/2020\/02\/Bio-Longitude181-300x34.png 300w\" sizes=\"auto, (max-width: 719px) 100vw, 719px\" \/><\/a><\/figure><\/div>\n\n\n\n<hr class=\"wp-block-separator\"\/>\n\n\n\n<p class=\"has-text-align-center has-medium-font-size\"><strong>Programme de la commission pour 2019-2020<\/strong><\/p>\n\n\n\n<div class=\"wp-block-file aligncenter\"><a href=\"http:\/\/codep79-plongee.fr\/wp-content\/uploads\/2020\/02\/CEB_Programme2020_bio_1.pdf\" target=\"_blank\" rel=\"noreferrer noopener\">Commission Environnement et Biologie &#8211; Programme 2020 &#8211; Bio Niveau 1<\/a><a href=\"http:\/\/codep79-plongee.fr\/wp-content\/uploads\/2020\/02\/CEB_Programme2020_bio_1.pdf\" class=\"wp-block-file__button\" download>T\u00e9l\u00e9charger<\/a><\/div>\n\n\n\n<div class=\"wp-block-file aligncenter\"><a href=\"http:\/\/codep79-plongee.fr\/wp-content\/uploads\/2020\/02\/CEB_Programme2020_bio_2.pdf\" target=\"_blank\" rel=\"noreferrer noopener\">Commission Environnement et Biologie &#8211; Programme 2020 &#8211; Bio Niveau 2<\/a><a href=\"http:\/\/codep79-plongee.fr\/wp-content\/uploads\/2020\/02\/CEB_Programme2020_bio_2.pdf\" class=\"wp-block-file__button\" download>T\u00e9l\u00e9charger<\/a><\/div>\n","protected":false},"excerpt":{"rendered":"<p>Bienvenue sur la page de la Commission D\u00e9partementale Environnement &amp; Biologie Subaquatique des Deux S\u00e8vres.&nbsp; Vous trouverez ici toutes les informations de la CDEBS 79, les formations propos\u00e9es, les stages, les diverses sorties (visite aquarium, visite estran, plong\u00e9es,\u2026) et les soir\u00e9es \u00e0 th\u00e8me.&nbsp; VOIR, COMPRENDRE, AIMER, RESPECTER, PROTEGER C\u2019est cela la plong\u00e9e \u00ab\u00a0BIO\u00a0\u00bb\u2026 Avec notre commission, ouvrez grand les yeux, d\u00e9couvrez cette richesse de vie, et devenez des plongeuses et des plongeurs responsables. Se faire plaisir en d\u00e9couvrant, en partageant, en admirant\u2026 et en prot\u00e9geant. Au fait, c\u2019est quoi la \u00ab&nbsp;BIO&nbsp;\u00bb en plong\u00e9e&nbsp;??? Si le mot \u00ab&nbsp;Bio&nbsp;\u00bb vous fait peur, ou vous rappelle des souvenirs d\u00e9sagr\u00e9ables de vos jeunes ann\u00e9es sur les bancs de l\u2019\u00e9cole, alors pas de panique, la plong\u00e9e Bio c\u2019est autre chose, c\u2019est de la d\u00e9couverte, de la connaissance, et du partage&nbsp;! Notre commission se d\u00e9nomme \u00ab&nbsp;Environnement et Biologie Subaquatique&nbsp;\u00bb et de ce fait notre r\u00f4le est \u00e9galement de sensibiliser tous les plongeurs au respect du milieu aquatique. Et pour nous rejoindre, nul besoin d\u2019\u00eatre scientifique, ni de maitriser le latin&nbsp;! Il faut seulement \u00eatre passionn\u00e9, curieux, observateur et accro au partage. Mais pourquoi former les plongeurs \u00e0 la \u00ab&nbsp;Bio&nbsp;\u00bb&nbsp;: Pour comprendre le monde subaquatique, sa biodiversit\u00e9 si riche, afin de la respecter et la faire respecter, il nous faut sensibiliser, initier puis former le maximum de plongeuses et de plongeurs De plus, cette \u00e9ducation du regard, cet apprentissage pour enfin VOIR, permet d\u2019enrichir les plong\u00e9es. Les plongeurs ne peuvent alors que prendre conscience de la fragilit\u00e9 de cet environnement et devenir acteur de sa sauvegarde. Et quelles sont les formations au Codep 79&nbsp;? Chaque club du d\u00e9partement se doit, dans les formations techniques, d\u2019initier les plongeurs \u00e0 la comp\u00e9tence \u00ab&nbsp;Connaissance et Respect de l\u2019environnement Subaquatique&nbsp;\u00bb. Notre commission propose les formations dipl\u00f4mantes de Plongeur Bio 1 et Plongeur Bio 2. L\u2019accompagnement des Formateurs Bio 1 est \u00e9galement possible et indispensable pour enrichir le nombre de cadre. Ces formations permettent de d\u00e9livrer un contenu de connaissance lors des formations th\u00e9oriques puis de les mettre en pratique lors du stage de plong\u00e9e ou seront valid\u00e9s les diff\u00e9rents niveaux. Des sorties (estran, aquarium\u2026) participe \u00e9galement \u00e0 enrichir les formations. La commission cherche \u00e9galement \u00e0 sensibiliser et \u00e0 diffuser des informations lors de soir\u00e9e \u00e0 th\u00e8me ouverte \u00e0 tous les plongeurs du d\u00e9partement. Retrouvez les documents officiels du site FFESSM ci-dessous : Guide du responsable de commission et du formateur en biologie subaquatique Support p\u00e9dagogique Niveau 1 Bio Manuel \u00e0 l\u2019usage du guide de palanqu\u00e9&nbsp; Guide pratique sur la pr\u00e9paration et la pr\u00e9sentation d\u2019un expos\u00e9&nbsp; Guide pratique sur l\u2019organisation d\u2019un stage Bio&nbsp; Arbre complet de filiation de la vie subaquatique&nbsp; Cl\u00e9 de d\u00e9termination des diff\u00e9rents groupes Programme de la commission pour 2019-2020<\/p>\n","protected":false},"author":1,"featured_media":0,"parent":0,"menu_order":0,"comment_status":"closed","ping_status":"closed","template":"","meta":{"footnotes":""},"class_list":["post-78","page","type-page","status-publish","hentry"],"_links":{"self":[{"href":"https:\/\/codep79-plongee.fr\/index.php\/wp-json\/wp\/v2\/pages\/78","targetHints":{"allow":["GET"]}}],"collection":[{"href":"https:\/\/codep79-plongee.fr\/index.php\/wp-json\/wp\/v2\/pages"}],"about":[{"href":"https:\/\/codep79-plongee.fr\/index.php\/wp-json\/wp\/v2\/types\/page"}],"author":[{"embeddable":true,"href":"https:\/\/codep79-plongee.fr\/index.php\/wp-json\/wp\/v2\/users\/1"}],"replies":[{"embeddable":true,"href":"https:\/\/codep79-plongee.fr\/index.php\/wp-json\/wp\/v2\/comments?post=78"}],"version-history":[{"count":14,"href":"https:\/\/codep79-plongee.fr\/index.php\/wp-json\/wp\/v2\/pages\/78\/revisions"}],"predecessor-version":[{"id":315,"href":"https:\/\/codep79-plongee.fr\/index.php\/wp-json\/wp\/v2\/pages\/78\/revisions\/315"}],"wp:attachment":[{"href":"https:\/\/codep79-plongee.fr\/index.php\/wp-json\/wp\/v2\/media?parent=78"}],"curies":[{"name":"wp","href":"https:\/\/api.w.org\/{rel}","templated":true}]}}