{"id":80,"date":"2020-02-15T17:36:41","date_gmt":"2020-02-15T16:36:41","guid":{"rendered":"http:\/\/codep79-plongee.fr\/?page_id=80"},"modified":"2025-12-14T11:38:48","modified_gmt":"2025-12-14T10:38:48","slug":"commission-technique-tiv","status":"publish","type":"page","link":"https:\/\/codep79-plongee.fr\/index.php\/commission-technique-tiv\/","title":{"rendered":"Commission Technique : TIV"},"content":{"rendered":"\n<p>La commission technique du CODEP a pour mission de former les Techniciens en Inspection Visuelle (TIV) dans les clubs du d\u00e9partement mais aussi de maintenir les comp\u00e9tences en mati\u00e8re de savoir faire et de r\u00e9glementation.<\/p>\n\n\n\n<p>Elle est compos\u00e9e de formateurs 1 er Degr\u00e9 et d\u2019un r\u00e9f\u00e9rent TIV qui organise et propose des dates de stage.<\/p>\n\n\n\n<p>Chaque Club ou CODEP membre de la FFESSM dispose, en fonction de sa localisation g\u00e9ographique, d&rsquo;un r\u00e9f\u00e9rent technique TiV qui peut \u00eatre contact\u00e9 pour apporter son conseil ou son aide technique, il y a un r\u00e9f\u00e9rent d\u00e9partemental et un r\u00e9gional.<br>Si vous \u00eates licenci\u00e9 et propri\u00e9taire de votre bloc, merci de vous rapprocher de votre Club &lsquo;appartenance.<br>Pour acc\u00e9der \u00e0 votre r\u00e9f\u00e9rent technique, merci de vous connecter \u00e0 l&rsquo;application avec vos identifiants TiV, Club ou SCA.<\/p>\n\n\n\n<p>&nbsp;Le TIV est amen\u00e9 \u00e0 :&nbsp;<br>&#8211; Effectuer l\u2019inspection visuelle des bouteilles de plong\u00e9e,<br>&#8211; Effectuer la r\u00e9vision des robinets<br>&#8211; Tenir \u00e0 jour le registre des bouteilles utilis\u00e9es par le club, ou confi\u00e9es au club,<br>&#8211; Etablir les fiches d\u2019inspection<br>&#8211; Valider les inspection dans l\u2019application TIV : <a href=\"https:\/\/tiv.ffessm.fr\/\">https:\/\/tiv.ffessm.fr\/<\/a><\/p>\n\n\n\n<p><strong>Formations&nbsp;:<\/strong><br>Des dates de formations initiales et recyclages sont propos\u00e9es et communiqu\u00e9es aux pr\u00e9sidents de club par l\u2019interm\u00e9diaire du CODEP79.<br>Une formation initiale se d\u00e9roule sur 2 jours, une formation de recyclage ou r\u00e9activation sur une journ\u00e9e. Le stage de r\u00e9activation sera propos\u00e9 sur demande.<\/p>\n\n\n\n<p>Un <strong>recyclage <\/strong>est obligatoire tous les <strong>5 ans<\/strong> pour maintenir les pr\u00e9rogatives, les TIV doivent surveiller les \u00e9ch\u00e9ances, les pr\u00e9sidents ont \u00e9galement acc\u00e8s \u00e0 ces informations.<\/p>\n\n\n\n<p>Un stage de <strong>r\u00e9activation <\/strong>est n\u00e9cessaire quand le TIV sans activit\u00e9 d\u2019inspection pendant 2 ans.<\/p>\n\n\n\n<p><strong>Pr\u00eat de Mat\u00e9riel:<\/strong><br>Le CODEP 79 poss\u00e8de une valise d\u2019outils de contr\u00f4le des bouteilles de plong\u00e9e pour les bloc air et NITROX (Oxyg\u00e8ne). Elle est mise \u00e0 disposition gracieusement aupr\u00e8s des adh\u00e9rents du CODEP.<br>Pour la r\u00e9server, merci d\u2019envoyer un mail \u00e0 TIV@codep79-plongee.fr avec vos demande de date<\/p>\n\n\n\n<hr class=\"wp-block-separator has-alpha-channel-opacity\"\/>\n\n\n\n<p>Vous voulez aider votre club en devenant Technicien d\u2019Inspection Visuelle, devenir formateur et rejoindre l\u2019\u00e9quipe du CODEP79, vous pouvez envoyer votre candidature sur TIV@codep79-plongee.fr<\/p>\n\n\n\n<hr class=\"wp-block-separator has-alpha-channel-opacity\"\/>\n\n\n\n<p>Documents \u00e0 t\u00e9l\u00e9charger et \u00e0 envoyer&nbsp;: <\/p>\n\n\n\n<div class=\"wp-block-file\"><a id=\"wp-block-file--media-06e540a0-eb12-4253-9783-f3167e1a3169\" href=\"http:\/\/codep79-plongee.fr\/wp-content\/uploads\/2025\/01\/TIV_Questionnaire_Recyclage.pdf\">TIV : Questionnaire Recyclage<\/a><a href=\"http:\/\/codep79-plongee.fr\/wp-content\/uploads\/2025\/01\/TIV_Questionnaire_Recyclage.pdf\" class=\"wp-block-file__button wp-element-button\" download aria-describedby=\"wp-block-file--media-06e540a0-eb12-4253-9783-f3167e1a3169\">T\u00e9l\u00e9charger<\/a><\/div>\n\n\n\n<div class=\"wp-block-file\"><a id=\"wp-block-file--media-d2aff4d9-c3eb-44c3-bae7-53c501f8e760\" href=\"https:\/\/codep79-plongee.fr\/wp-content\/uploads\/2025\/12\/TIV-Attestation-President.pdf\">TIV &#8211; Attestation President<\/a><a href=\"https:\/\/codep79-plongee.fr\/wp-content\/uploads\/2025\/12\/TIV-Attestation-President.pdf\" class=\"wp-block-file__button wp-element-button\" download aria-describedby=\"wp-block-file--media-d2aff4d9-c3eb-44c3-bae7-53c501f8e760\">T\u00e9l\u00e9charger<\/a><\/div>\n","protected":false},"excerpt":{"rendered":"<p>La commission technique du CODEP a pour mission de former les Techniciens en Inspection Visuelle (TIV) dans les clubs du d\u00e9partement mais aussi de maintenir les comp\u00e9tences en mati\u00e8re de savoir faire et de r\u00e9glementation. Elle est compos\u00e9e de formateurs 1 er Degr\u00e9 et d\u2019un r\u00e9f\u00e9rent TIV qui organise et propose des dates de stage. Chaque Club ou CODEP membre de la FFESSM dispose, en fonction de sa localisation g\u00e9ographique, d&rsquo;un r\u00e9f\u00e9rent technique TiV qui peut \u00eatre contact\u00e9 pour apporter son conseil ou son aide technique, il y a un r\u00e9f\u00e9rent d\u00e9partemental et un r\u00e9gional.Si vous \u00eates licenci\u00e9 et propri\u00e9taire de votre bloc, merci de vous rapprocher de votre Club &lsquo;appartenance.Pour acc\u00e9der \u00e0 votre r\u00e9f\u00e9rent technique, merci de vous connecter \u00e0 l&rsquo;application avec vos identifiants TiV, Club ou SCA. &nbsp;Le TIV est amen\u00e9 \u00e0 :&nbsp;&#8211; Effectuer l\u2019inspection visuelle des bouteilles de plong\u00e9e,&#8211; Effectuer la r\u00e9vision des robinets&#8211; Tenir \u00e0 jour le registre des bouteilles utilis\u00e9es par le club, ou confi\u00e9es au club,&#8211; Etablir les fiches d\u2019inspection&#8211; Valider les inspection dans l\u2019application TIV : https:\/\/tiv.ffessm.fr\/ Formations&nbsp;:Des dates de formations initiales et recyclages sont propos\u00e9es et communiqu\u00e9es aux pr\u00e9sidents de club par l\u2019interm\u00e9diaire du CODEP79.Une formation initiale se d\u00e9roule sur 2 jours, une formation de recyclage ou r\u00e9activation sur une journ\u00e9e. Le stage de r\u00e9activation sera propos\u00e9 sur demande. Un recyclage est obligatoire tous les 5 ans pour maintenir les pr\u00e9rogatives, les TIV doivent surveiller les \u00e9ch\u00e9ances, les pr\u00e9sidents ont \u00e9galement acc\u00e8s \u00e0 ces informations. Un stage de r\u00e9activation est n\u00e9cessaire quand le TIV sans activit\u00e9 d\u2019inspection pendant 2 ans. Pr\u00eat de Mat\u00e9riel:Le CODEP 79 poss\u00e8de une valise d\u2019outils de contr\u00f4le des bouteilles de plong\u00e9e pour les bloc air et NITROX (Oxyg\u00e8ne). Elle est mise \u00e0 disposition gracieusement aupr\u00e8s des adh\u00e9rents du CODEP.Pour la r\u00e9server, merci d\u2019envoyer un mail \u00e0 TIV@codep79-plongee.fr avec vos demande de date Vous voulez aider votre club en devenant Technicien d\u2019Inspection Visuelle, devenir formateur et rejoindre l\u2019\u00e9quipe du CODEP79, vous pouvez envoyer votre candidature sur TIV@codep79-plongee.fr Documents \u00e0 t\u00e9l\u00e9charger et \u00e0 envoyer&nbsp;:<\/p>\n","protected":false},"author":1,"featured_media":0,"parent":0,"menu_order":0,"comment_status":"closed","ping_status":"closed","template":"","meta":{"footnotes":""},"class_list":["post-80","page","type-page","status-publish","hentry"],"_links":{"self":[{"href":"https:\/\/codep79-plongee.fr\/index.php\/wp-json\/wp\/v2\/pages\/80","targetHints":{"allow":["GET"]}}],"collection":[{"href":"https:\/\/codep79-plongee.fr\/index.php\/wp-json\/wp\/v2\/pages"}],"about":[{"href":"https:\/\/codep79-plongee.fr\/index.php\/wp-json\/wp\/v2\/types\/page"}],"author":[{"embeddable":true,"href":"https:\/\/codep79-plongee.fr\/index.php\/wp-json\/wp\/v2\/users\/1"}],"replies":[{"embeddable":true,"href":"https:\/\/codep79-plongee.fr\/index.php\/wp-json\/wp\/v2\/comments?post=80"}],"version-history":[{"count":7,"href":"https:\/\/codep79-plongee.fr\/index.php\/wp-json\/wp\/v2\/pages\/80\/revisions"}],"predecessor-version":[{"id":1607,"href":"https:\/\/codep79-plongee.fr\/index.php\/wp-json\/wp\/v2\/pages\/80\/revisions\/1607"}],"wp:attachment":[{"href":"https:\/\/codep79-plongee.fr\/index.php\/wp-json\/wp\/v2\/media?parent=80"}],"curies":[{"name":"wp","href":"https:\/\/api.w.org\/{rel}","templated":true}]}}