{"id":82,"date":"2020-02-15T17:37:14","date_gmt":"2020-02-15T16:37:14","guid":{"rendered":"http:\/\/codep79-plongee.fr\/?page_id=82"},"modified":"2025-01-14T10:49:53","modified_gmt":"2025-01-14T09:49:53","slug":"commision-technique-secourisme","status":"publish","type":"page","link":"https:\/\/codep79-plongee.fr\/index.php\/commision-technique-secourisme\/","title":{"rendered":"Commission Technique : Secourisme"},"content":{"rendered":"<p><!--StartFragment--><\/p>\n\n\n<p class=\"has-text-align-center has-medium-font-size\"><strong>Le R.I.F.A.P<\/strong><\/p>\n\n\n\n<p>La formation du RIFAP&nbsp;(R\u00e9actions et Intervention Face \u00e0 un Accident de Plong\u00e9e)&nbsp;est organis\u00e9e en continue au sein des clubs du d\u00e9partement.<br><\/p>\n\n\n\n<p>Cette derni\u00e8re, avant d\u2019\u00eatre un dipl\u00f4me donnant l\u2019accessibilit\u00e9 au Niveau 3, met en avant l\u2019apprentissage de geste de secours et la mise en place de mat\u00e9riel de secourisme permettant de maintenir, voire d\u2019am\u00e9liorer l\u2019\u00e9tat d\u2019une victime en attendant l\u2019arriv\u00e9 et la prise en charge de celle-ci par les secours m\u00e9dicalis\u00e9.<\/p>\n\n\n\n<p>La formation se d\u00e9roule sur un cr\u00e9neau horaire d\u2019au moins 12 heures :<\/p>\n\n\n\n<ul class=\"wp-block-list\">\n<li>8 heures de face \u00e0 face p\u00e9dagogique sur l\u2019apprentissage et la r\u00e9alisation de geste premiers secours sur le format du PSC1, associ\u00e9 \u00e0 la mise en place de l\u2019oxyg\u00e9noth\u00e9rapie au programme du PSE1.<\/li>\n\n\n\n<li>4 heures d\u2019action de sauveteur sur le plongeur dans un milieu aquatique.<\/li>\n<\/ul>\n\n\n\n<p>L\u2019enseignement et la validation du RIFAP est r\u00e9alis\u00e9e par un formateur ANTEOR (Animer l&rsquo;Apprentissage des Techniques d&rsquo;Oxyg\u00e9noth\u00e9rapie-R\u00e9animation).<\/p>\n\n\n\n<hr class=\"wp-block-separator has-css-opacity\"\/>\n\n\n\n<p>Pour plus de renseignements, n&rsquo;h\u00e9sitez pas \u00e0 consulter les documentations li\u00e9e au PSC1, PSE1, RIFAP et ANTEOR (source FFESSM), et\/ou contacter le responsable de la section secourisme.<\/p>\n\n\n\n<div class=\"wp-block-file\"><a id=\"wp-block-file--media-0dcbfc3c-080e-41dd-a2bf-4cd2c0a0fbe5\" href=\"http:\/\/codep79-plongee.fr\/wp-content\/uploads\/2020\/02\/CTS_PSE1.pdf\"><strong>Commissio Technique Secourisme &#8211; PSE1<\/strong><\/a><a href=\"http:\/\/codep79-plongee.fr\/wp-content\/uploads\/2020\/02\/CTS_PSE1.pdf\" class=\"wp-block-file__button wp-element-button\" download aria-describedby=\"wp-block-file--media-0dcbfc3c-080e-41dd-a2bf-4cd2c0a0fbe5\">T\u00e9l\u00e9charger<\/a><\/div>\n","protected":false},"excerpt":{"rendered":"<p>Le R.I.F.A.P La formation du RIFAP&nbsp;(R\u00e9actions et Intervention Face \u00e0 un Accident de Plong\u00e9e)&nbsp;est organis\u00e9e en continue au sein des clubs du d\u00e9partement. Cette derni\u00e8re, avant d\u2019\u00eatre un dipl\u00f4me donnant l\u2019accessibilit\u00e9 au Niveau 3, met en avant l\u2019apprentissage de geste de secours et la mise en place de mat\u00e9riel de secourisme permettant de maintenir, voire d\u2019am\u00e9liorer l\u2019\u00e9tat d\u2019une victime en attendant l\u2019arriv\u00e9 et la prise en charge de celle-ci par les secours m\u00e9dicalis\u00e9. La formation se d\u00e9roule sur un cr\u00e9neau horaire d\u2019au moins 12 heures : L\u2019enseignement et la validation du RIFAP est r\u00e9alis\u00e9e par un formateur ANTEOR (Animer l&rsquo;Apprentissage des Techniques d&rsquo;Oxyg\u00e9noth\u00e9rapie-R\u00e9animation). Pour plus de renseignements, n&rsquo;h\u00e9sitez pas \u00e0 consulter les documentations li\u00e9e au PSC1, PSE1, RIFAP et ANTEOR (source FFESSM), et\/ou contacter le responsable de la section secourisme.<\/p>\n","protected":false},"author":1,"featured_media":0,"parent":0,"menu_order":0,"comment_status":"closed","ping_status":"closed","template":"","meta":{"footnotes":""},"class_list":["post-82","page","type-page","status-publish","hentry"],"_links":{"self":[{"href":"https:\/\/codep79-plongee.fr\/index.php\/wp-json\/wp\/v2\/pages\/82","targetHints":{"allow":["GET"]}}],"collection":[{"href":"https:\/\/codep79-plongee.fr\/index.php\/wp-json\/wp\/v2\/pages"}],"about":[{"href":"https:\/\/codep79-plongee.fr\/index.php\/wp-json\/wp\/v2\/types\/page"}],"author":[{"embeddable":true,"href":"https:\/\/codep79-plongee.fr\/index.php\/wp-json\/wp\/v2\/users\/1"}],"replies":[{"embeddable":true,"href":"https:\/\/codep79-plongee.fr\/index.php\/wp-json\/wp\/v2\/comments?post=82"}],"version-history":[{"count":7,"href":"https:\/\/codep79-plongee.fr\/index.php\/wp-json\/wp\/v2\/pages\/82\/revisions"}],"predecessor-version":[{"id":1309,"href":"https:\/\/codep79-plongee.fr\/index.php\/wp-json\/wp\/v2\/pages\/82\/revisions\/1309"}],"wp:attachment":[{"href":"https:\/\/codep79-plongee.fr\/index.php\/wp-json\/wp\/v2\/media?parent=82"}],"curies":[{"name":"wp","href":"https:\/\/api.w.org\/{rel}","templated":true}]}}